{"id":16745,"date":"2019-03-18T13:34:55","date_gmt":"2019-03-18T12:34:55","guid":{"rendered":"https:\/\/mo5.fr\/?page_id=16745"},"modified":"2019-07-09T13:03:13","modified_gmt":"2019-07-09T11:03:13","slug":"presse","status":"publish","type":"page","link":"http:\/\/mo5.com\/en\/presse\/","title":{"rendered":"Press room"},"content":{"rendered":"<div id=\"pl-16745\"  class=\"panel-layout\" ><div id=\"pg-16745-0\"  class=\"panel-grid panel-no-style\" ><div id=\"pgc-16745-0-0\"  class=\"panel-grid-cell\" ><div id=\"panel-16745-0-0-0\" class=\"so-panel widget widget_black-studio-tinymce widget_black_studio_tinymce panel-first-child panel-last-child\" data-index=\"0\" ><h3 class=\"widget-title\">Press room<\/h3><div class=\"textwidget\"><p>This page contains all the information you need to write your articles.<\/p>\n<p>For further information, please write to us at the following address: <a href=\"mailto:association@mo5.com\">association@mo5.com<\/a><\/p>\n<\/div><\/div><\/div><\/div><div id=\"pg-16745-1\"  class=\"panel-grid panel-no-style\" ><div id=\"pgc-16745-1-0\"  class=\"panel-grid-cell\" ><div id=\"panel-16745-1-0-0\" class=\"so-panel widget widget_custom-grid-list-widget panel-first-child panel-last-child\" data-index=\"1\" ><div\n\t\t\t\n\t\t\tclass=\"so-widget-custom-grid-list-widget so-widget-custom-grid-list-widget-base\"\n\t\t\t\n\t\t><div class=\"grid-item spaces-item format-image\">\n\t\t<div class=\"grid-item-header\">\n\t\t\t<h3 class=\"short\"><a href=\"https:\/\/mo5.com\/en\/bibliotheque-de-medias\/\">Media library<\/a><\/h3>\n\t\t\t\t\t<\/div>\n\t\t\t\t\t\t\t\t            <img loading=\"lazy\" decoding=\"async\" src=\"https:\/\/mo5.com\/wp-content\/uploads\/2018\/12\/P4160412.jpg\" width=\"4608\" height=\"3456\" alt=\"Widget image\">\n        \t\t\t\t<div class=\"grid-item-content\">\n\t\t\t<p>\n\t\t\t\t\tSee our logos, images and videos presenting the association.<\/p>\n\t\t\t\t\t\t\t\t\t\t<p><a href=\"https:\/\/mo5.com\/en\/bibliotheque-de-medias\/\" class=\"btn btn-primary\">\n\t\t\t\t\t\t\tSee the list<\/a><\/p>\t\t\t\t\t\t\t\t<\/div>\n\t<\/div>\n<\/div><\/div><\/div><div id=\"pgc-16745-1-1\"  class=\"panel-grid-cell\" ><div id=\"panel-16745-1-1-0\" class=\"so-panel widget widget_custom-grid-list-widget panel-first-child panel-last-child\" data-index=\"2\" ><div\n\t\t\t\n\t\t\tclass=\"so-widget-custom-grid-list-widget so-widget-custom-grid-list-widget-base\"\n\t\t\t\n\t\t><div class=\"grid-item spaces-item format-image\">\n\t\t<div class=\"grid-item-header\">\n\t\t\t<h3 class=\"short\"><a href=\"https:\/\/mo5.com\/en\/presse-ecrite-et-web\/\">Press articles<\/a><\/h3>\n\t\t\t\t\t<\/div>\n\t\t\t\t\t\n\t\t\t\t<a href=\"https:\/\/mo5.com\/wp-content\/uploads\/2019\/03\/newspapers-444447_1920.jpg\" data-rel=\"lightbox-image-cHJldHR5UGhvdG8=\" data-rl_title=\"\" data-rl_caption=\"\" class=\"media-box\" title=\"\">\t\t\t            <img loading=\"lazy\" decoding=\"async\" src=\"https:\/\/mo5.com\/wp-content\/uploads\/2019\/03\/newspapers-444447_1920.jpg\" width=\"1920\" height=\"1271\" alt=\"newspapers 444447 1920\">\n        <\/a>\t\t\t\t<div class=\"grid-item-content\">\n\t\t\t<p>\n\t\t\t\t\tArticles about the association in newspapers and on the web.<\/p>\n\t\t\t\t\t\t\t\t\t\t<p><a href=\"https:\/\/mo5.com\/en\/presse-ecrite-et-web\/\" class=\"btn btn-primary\">\n\t\t\t\t\t\t\tSee the list<\/a><\/p>\t\t\t\t\t\t\t\t<\/div>\n\t<\/div>\n<\/div><\/div><\/div><div id=\"pgc-16745-1-2\"  class=\"panel-grid-cell\" ><div id=\"panel-16745-1-2-0\" class=\"so-panel widget widget_custom-grid-list-widget panel-first-child panel-last-child\" data-index=\"3\" ><div\n\t\t\t\n\t\t\tclass=\"so-widget-custom-grid-list-widget so-widget-custom-grid-list-widget-base\"\n\t\t\t\n\t\t><div class=\"grid-item spaces-item format-image\">\n\t\t<div class=\"grid-item-header\">\n\t\t\t<h3 class=\"short\"><a href=\"https:\/\/mo5.com\/en\/galerie-videos\/\">Reports<\/a><\/h3>\n\t\t\t\t\t<\/div>\n\t\t\t\t\t\n\t\t\t\t<a href=\"https:\/\/mo5.com\/wp-content\/uploads\/2019\/03\/2019-03-18-13_31_57-Galerie-vid\u00e9os-MO5.COM_.png\" data-rel=\"lightbox-image-cHJldHR5UGhvdG8=\" data-rl_title=\"\" data-rl_caption=\"\" class=\"media-box\" title=\"\">\t\t\t            <img loading=\"lazy\" decoding=\"async\" src=\"https:\/\/mo5.com\/wp-content\/uploads\/2019\/03\/2019-03-18-13_31_57-Galerie-vid\u00e9os-MO5.COM_.png\" width=\"368\" height=\"202\" alt=\"2019 03 18 13 31 57 Galerie vid\u00e9os MO5.COM\">\n        <\/a>\t\t\t\t<div class=\"grid-item-content\">\n\t\t\t<p>\n\t\t\t\t\tVideo reports on the association, on television and on the web.<\/p>\n\t\t\t\t\t\t\t\t\t\t<p><a href=\"https:\/\/mo5.com\/en\/galerie-videos\/\" class=\"btn btn-primary\">\n\t\t\t\t\t\t\tSee the list<\/a><\/p>\t\t\t\t\t\t\t\t<\/div>\n\t<\/div>\n<\/div><\/div><\/div><\/div><\/div>","protected":false},"excerpt":{"rendered":"<p>This page contains all the information you need to write your articles. For further information, please write to us at: association@mo5.com<\/p>","protected":false},"author":321,"featured_media":0,"parent":0,"menu_order":0,"comment_status":"closed","ping_status":"closed","template":"","meta":{"_acf_changed":false,"give_campaign_id":0,"footnotes":""},"class_list":["post-16745","page","type-page","status-publish","hentry"],"acf":[],"yoast_head":"<!-- This site is optimized with the Yoast SEO plugin v27.4 - https:\/\/yoast.com\/product\/yoast-seo-wordpress\/ -->\n<title>Espace Presse - MO5.COM<\/title>\n<meta name=\"robots\" content=\"index, follow, max-snippet:-1, max-image-preview:large, max-video-preview:-1\" \/>\n<link rel=\"canonical\" href=\"https:\/\/mo5.com\/en\/presse\/\" \/>\n<meta property=\"og:locale\" content=\"en_GB\" \/>\n<meta property=\"og:type\" content=\"article\" \/>\n<meta property=\"og:title\" content=\"Espace Presse - MO5.COM\" \/>\n<meta property=\"og:description\" content=\"Retrouvez sur cette page toutes les informations n\u00e9cessaires \u00e0 la r\u00e9daction de vos articles. Pour tout renseignement, \u00e9crivez-nous \u00e0 l&#039;adresse suivante : association@mo5.com\" \/>\n<meta property=\"og:url\" content=\"https:\/\/mo5.com\/en\/presse\/\" \/>\n<meta property=\"og:site_name\" content=\"MO5.COM\" \/>\n<meta property=\"article:publisher\" content=\"https:\/\/www.facebook.com\/pages\/Association-MO5COM\/9540357570\" \/>\n<meta property=\"article:modified_time\" content=\"2019-07-09T11:03:13+00:00\" \/>\n<meta property=\"og:image\" content=\"https:\/\/mo5.com\/wp-content\/uploads\/2017\/07\/Logo-MO5.COM_-e1501416832888.png\" \/>\n\t<meta property=\"og:image:width\" content=\"549\" \/>\n\t<meta property=\"og:image:height\" content=\"100\" \/>\n\t<meta property=\"og:image:type\" content=\"image\/png\" \/>\n<meta name=\"twitter:card\" content=\"summary_large_image\" \/>\n<meta name=\"twitter:site\" content=\"@assomo5\" \/>\n<script type=\"application\/ld+json\" class=\"yoast-schema-graph\">{\"@context\":\"https:\\\/\\\/schema.org\",\"@graph\":[{\"@type\":\"WebPage\",\"@id\":\"https:\\\/\\\/mo5.com\\\/presse\\\/\",\"url\":\"https:\\\/\\\/mo5.com\\\/presse\\\/\",\"name\":\"Espace Presse - MO5.COM\",\"isPartOf\":{\"@id\":\"https:\\\/\\\/mo5.com\\\/#website\"},\"datePublished\":\"2019-03-18T12:34:55+00:00\",\"dateModified\":\"2019-07-09T11:03:13+00:00\",\"breadcrumb\":{\"@id\":\"https:\\\/\\\/mo5.com\\\/presse\\\/#breadcrumb\"},\"inLanguage\":\"en-GB\",\"potentialAction\":[{\"@type\":\"ReadAction\",\"target\":[\"https:\\\/\\\/mo5.com\\\/presse\\\/\"]}]},{\"@type\":\"BreadcrumbList\",\"@id\":\"https:\\\/\\\/mo5.com\\\/presse\\\/#breadcrumb\",\"itemListElement\":[{\"@type\":\"ListItem\",\"position\":1,\"name\":\"Accueil\",\"item\":\"https:\\\/\\\/mo5.com\\\/\"},{\"@type\":\"ListItem\",\"position\":2,\"name\":\"Espace Presse\"}]},{\"@type\":\"WebSite\",\"@id\":\"https:\\\/\\\/mo5.com\\\/#website\",\"url\":\"https:\\\/\\\/mo5.com\\\/\",\"name\":\"MO5.COM\",\"description\":\"Pr\u00e9server, explorer, rejouer\",\"publisher\":{\"@id\":\"https:\\\/\\\/mo5.com\\\/#organization\"},\"potentialAction\":[{\"@type\":\"SearchAction\",\"target\":{\"@type\":\"EntryPoint\",\"urlTemplate\":\"https:\\\/\\\/mo5.com\\\/?s={search_term_string}\"},\"query-input\":{\"@type\":\"PropertyValueSpecification\",\"valueRequired\":true,\"valueName\":\"search_term_string\"}}],\"inLanguage\":\"en-GB\"},{\"@type\":\"Organization\",\"@id\":\"https:\\\/\\\/mo5.com\\\/#organization\",\"name\":\"Association MO5.COM\",\"url\":\"https:\\\/\\\/mo5.com\\\/\",\"logo\":{\"@type\":\"ImageObject\",\"inLanguage\":\"en-GB\",\"@id\":\"https:\\\/\\\/mo5.com\\\/#\\\/schema\\\/logo\\\/image\\\/\",\"url\":\"https:\\\/\\\/mo5.com\\\/wp-content\\\/uploads\\\/2023\\\/10\\\/Logo_MO5_A_Colo_Texte_Bleu-e1697059504554.png\",\"contentUrl\":\"https:\\\/\\\/mo5.com\\\/wp-content\\\/uploads\\\/2023\\\/10\\\/Logo_MO5_A_Colo_Texte_Bleu-e1697059504554.png\",\"width\":2094,\"height\":559,\"caption\":\"Association MO5.COM\"},\"image\":{\"@id\":\"https:\\\/\\\/mo5.com\\\/#\\\/schema\\\/logo\\\/image\\\/\"},\"sameAs\":[\"https:\\\/\\\/www.facebook.com\\\/pages\\\/Association-MO5COM\\\/9540357570\",\"https:\\\/\\\/x.com\\\/assomo5\",\"http:\\\/\\\/www.instagram.com\\\/assomo5\",\"https:\\\/\\\/www.youtube.com\\\/channel\\\/UCRncMsBo89C9u_8gpWnsOVw\\\/featured\",\"https:\\\/\\\/bsky.app\\\/profile\\\/assomo5.bsky.social\",\"https:\\\/\\\/twitch.tv\\\/mo5assoretro\"]}]}<\/script>\n<!-- \/ Yoast SEO plugin. -->","yoast_head_json":{"title":"Press room - MO5.COM","robots":{"index":"index","follow":"follow","max-snippet":"max-snippet:-1","max-image-preview":"max-image-preview:large","max-video-preview":"max-video-preview:-1"},"canonical":"https:\/\/mo5.com\/en\/presse\/","og_locale":"en_GB","og_type":"article","og_title":"Espace Presse - MO5.COM","og_description":"Retrouvez sur cette page toutes les informations n\u00e9cessaires \u00e0 la r\u00e9daction de vos articles. Pour tout renseignement, \u00e9crivez-nous \u00e0 l'adresse suivante : association@mo5.com","og_url":"https:\/\/mo5.com\/en\/presse\/","og_site_name":"MO5.COM","article_publisher":"https:\/\/www.facebook.com\/pages\/Association-MO5COM\/9540357570","article_modified_time":"2019-07-09T11:03:13+00:00","og_image":[{"width":549,"height":100,"url":"https:\/\/mo5.com\/wp-content\/uploads\/2017\/07\/Logo-MO5.COM_-e1501416832888.png","type":"image\/png"}],"twitter_card":"summary_large_image","twitter_site":"@assomo5","schema":{"@context":"https:\/\/schema.org","@graph":[{"@type":"WebPage","@id":"https:\/\/mo5.com\/presse\/","url":"https:\/\/mo5.com\/presse\/","name":"Press room - MO5.COM","isPartOf":{"@id":"https:\/\/mo5.com\/#website"},"datePublished":"2019-03-18T12:34:55+00:00","dateModified":"2019-07-09T11:03:13+00:00","breadcrumb":{"@id":"https:\/\/mo5.com\/presse\/#breadcrumb"},"inLanguage":"en-GB","potentialAction":[{"@type":"ReadAction","target":["https:\/\/mo5.com\/presse\/"]}]},{"@type":"BreadcrumbList","@id":"https:\/\/mo5.com\/presse\/#breadcrumb","itemListElement":[{"@type":"ListItem","position":1,"name":"Accueil","item":"https:\/\/mo5.com\/"},{"@type":"ListItem","position":2,"name":"Espace Presse"}]},{"@type":"WebSite","@id":"https:\/\/mo5.com\/#website","url":"https:\/\/mo5.com\/","name":"MO5.COM","description":"Preserve, explore, replay","publisher":{"@id":"https:\/\/mo5.com\/#organization"},"potentialAction":[{"@type":"SearchAction","target":{"@type":"EntryPoint","urlTemplate":"https:\/\/mo5.com\/?s={search_term_string}"},"query-input":{"@type":"PropertyValueSpecification","valueRequired":true,"valueName":"search_term_string"}}],"inLanguage":"en-GB"},{"@type":"Organization","@id":"https:\/\/mo5.com\/#organization","name":"MO5.COM Association","url":"https:\/\/mo5.com\/","logo":{"@type":"ImageObject","inLanguage":"en-GB","@id":"https:\/\/mo5.com\/#\/schema\/logo\/image\/","url":"https:\/\/mo5.com\/wp-content\/uploads\/2023\/10\/Logo_MO5_A_Colo_Texte_Bleu-e1697059504554.png","contentUrl":"https:\/\/mo5.com\/wp-content\/uploads\/2023\/10\/Logo_MO5_A_Colo_Texte_Bleu-e1697059504554.png","width":2094,"height":559,"caption":"Association MO5.COM"},"image":{"@id":"https:\/\/mo5.com\/#\/schema\/logo\/image\/"},"sameAs":["https:\/\/www.facebook.com\/pages\/Association-MO5COM\/9540357570","https:\/\/x.com\/assomo5","http:\/\/www.instagram.com\/assomo5","https:\/\/www.youtube.com\/channel\/UCRncMsBo89C9u_8gpWnsOVw\/featured","https:\/\/bsky.app\/profile\/assomo5.bsky.social","https:\/\/twitch.tv\/mo5assoretro"]}]}},"campaignId":"","_links":{"self":[{"href":"http:\/\/mo5.com\/en\/wp-json\/wp\/v2\/pages\/16745","targetHints":{"allow":["GET"]}}],"collection":[{"href":"http:\/\/mo5.com\/en\/wp-json\/wp\/v2\/pages"}],"about":[{"href":"http:\/\/mo5.com\/en\/wp-json\/wp\/v2\/types\/page"}],"author":[{"embeddable":true,"href":"http:\/\/mo5.com\/en\/wp-json\/wp\/v2\/users\/321"}],"replies":[{"embeddable":true,"href":"http:\/\/mo5.com\/en\/wp-json\/wp\/v2\/comments?post=16745"}],"version-history":[{"count":0,"href":"http:\/\/mo5.com\/en\/wp-json\/wp\/v2\/pages\/16745\/revisions"}],"wp:attachment":[{"href":"http:\/\/mo5.com\/en\/wp-json\/wp\/v2\/media?parent=16745"}],"curies":[{"name":"wp","href":"https:\/\/api.w.org\/{rel}","templated":true}]}}