{"id":11080,"date":"2019-01-17T00:05:41","date_gmt":"2019-01-16T23:05:41","guid":{"rendered":"https:\/\/mo5.fr\/?page_id=11080"},"modified":"2024-01-16T14:40:23","modified_gmt":"2024-01-16T12:40:23","slug":"adhesion","status":"publish","type":"page","link":"https:\/\/mo5.com\/en\/adhesion\/","title":{"rendered":"Become a member of MO5.COM"},"content":{"rendered":"<div id=\"pl-11080\"  class=\"panel-layout\" ><div id=\"pg-11080-0\"  class=\"panel-grid panel-no-style\" ><div id=\"pgc-11080-0-0\"  class=\"panel-grid-cell\" ><div id=\"panel-11080-0-0-0\" class=\"so-panel widget widget_sow-headline panel-first-child\" data-index=\"0\" ><div\n\t\t\t\n\t\t\tclass=\"so-widget-sow-headline so-widget-sow-headline-default-2d7770dd4466-11080\"\n\t\t\t\n\t\t><div class=\"sow-headline-container\">\n\t\t\t\t\t\t\t<h1 class=\"sow-headline\">\n\t\t\t\t\t\tBecome a member of MO5.COM\t\t\t\t\t\t<\/h1>\n\t\t\t\t\t\t\t\t\t\t\t<div class=\"decoration\">\n\t\t\t\t\t\t<div class=\"decoration-inside\"><\/div>\n\t\t\t\t\t<\/div>\n\t\t\t\t\t<\/div>\n<\/div><\/div><div id=\"panel-11080-0-0-1\" class=\"so-panel widget widget_black-studio-tinymce widget_black_studio_tinymce widgetopts-SO\" data-index=\"1\" ><div class=\"textwidget\"><p>By becoming a member of the MO5.COM association, you are showing your support for our approach to preserving and sharing videogame heritage, and you can take part in all our activities.<\/p>\n<p>You can find out more about the team and its members' activities at<a href=\"https:\/\/mo5.com\/en\/lequipe\/\"> at this address<\/a>.<\/p>\n<p>Membership of the association is valid for all members of the same household. Minors wishing to become members must provide parental authorisation.<\/p>\n<\/div><\/div><div id=\"panel-11080-0-0-2\" class=\"so-panel widget widget_hr-widget\" data-index=\"2\" ><div\n\t\t\t\n\t\t\tclass=\"so-widget-hr-widget so-widget-hr-widget-base\"\n\t\t\t\n\t\t>\n<hr class=\"fw\" style=\"height:1px; background:; margin-top:30px; margin-bottom:30px\"><\/div><\/div><div id=\"panel-11080-0-0-3\" class=\"so-panel widget widget_custom-grid-list-widget\" data-index=\"3\" ><div\n\t\t\t\n\t\t\tclass=\"so-widget-custom-grid-list-widget so-widget-custom-grid-list-widget-base\"\n\t\t\t\n\t\t>\t<!-- List Item -->\n\t<div class=\"list-item\">\n\t\t<div class=\"row\">\n\t\t\t<div class=\"col-md-4 col-sm-4\">\n                                                <img loading=\"lazy\" decoding=\"async\" src=\"https:\/\/mo5.com\/wp-content\/uploads\/2015\/07\/2000px-Tipeee_logo.svg_-1.png\" width=\"2100\" height=\"1575\" alt=\"Widget image\">\n            \t\t\t\t<\/div>\t\t\t<div class=\"col-md-8 col-sm-8\">\t\t\t\t\t<h3><a href=\"https:\/\/www.tipeee.com\/association-mo5-com\">Become a member with Tipeee<\/a><\/h3>\n\t\t\t\t\t\t\t\t\t\t<p>A donation of \u20ac3 or more per month enables you to become a member, and also entitles you to certain benefits: access to one or more of the paid trade shows we attend, equipment repairs, etc.<\/p>\t\t\t\t\t<a href=\"https:\/\/www.tipeee.com\/association-mo5-com\" class=\"btn btn-primary\">Become a member with Tipeee<\/a>\t\t\t\t<\/div>\n\t\t\t<\/div>\n\t\t<\/div>\n\t<\/div><\/div><div id=\"panel-11080-0-0-4\" class=\"so-panel widget widget_custom-grid-list-widget panel-last-child widgetopts-SO\" data-index=\"4\" ><div\n\t\t\t\n\t\t\tclass=\"so-widget-custom-grid-list-widget so-widget-custom-grid-list-widget-base\"\n\t\t\t\n\t\t>\t<!-- List Item -->\n\t<div class=\"list-item\">\n\t\t<div class=\"row\">\n\t\t\t<div class=\"col-md-4 col-sm-4\">\n                                    <a href=\"https:\/\/mo5.com\/wp-content\/uploads\/2015\/07\/paypal-784404_960_720-1.png\" data-rel=\"lightbox-image-cHJldHR5UGhvdG8=\" data-rl_title=\"\" data-rl_caption=\"\" class=\"media-box\" title=\"\">                                <img loading=\"lazy\" decoding=\"async\" src=\"https:\/\/mo5.com\/wp-content\/uploads\/2015\/07\/paypal-784404_960_720-1.png\" width=\"1000\" height=\"750\" alt=\"Widget image\">\n            <\/a>\t\t\t\t<\/div>\t\t\t<div class=\"col-md-8 col-sm-8\">\t\t\t\t\t<h3>Become a member with an annual subscription<\/h3>\n\t\t\t\t\t\t\t\t\t\t<p>You can become a member of the association by paying an annual subscription of \u20ac15, via Paypal or by cheque.\n\n\n<br \/><br \/>\n<a href=\"https:\/\/mo5.com\/en\/donations\/formulaire-dadhesion\/\" class=\"btn btn-primary\" target=\"_blank\">\n  <button type=\"button\" style=\"background-color: #4088CF;border:none\">Access the form<\/button>\n<\/a>\n\n<\/p>\t\t\t\t\t\t\t\t\t<\/div>\n\t\t\t<\/div>\n\t\t<\/div>\n\t<\/div><\/div><\/div><div id=\"pgc-11080-0-1\"  class=\"panel-grid-cell\" ><div id=\"panel-11080-0-1-0\" class=\"so-panel widget widget_sow-headline panel-first-child\" data-index=\"5\" ><div\n\t\t\t\n\t\t\tclass=\"so-widget-sow-headline so-widget-sow-headline-default-e2369890fa29-11080\"\n\t\t\t\n\t\t><div class=\"sow-headline-container\">\n\t\t\t\t\t\t\t<h1 class=\"sow-headline\">\n\t\t\t\t\t\tQuestions\t\t\t\t\t\t<\/h1>\n\t\t\t\t\t\t<\/div>\n<\/div><\/div><div id=\"panel-11080-0-1-1\" class=\"so-panel widget widget_toggle-widget panel-last-child widgetopts-SO\" data-index=\"6\" ><div\n\t\t\t\n\t\t\tclass=\"so-widget-toggle-widget so-widget-toggle-widget-base\"\n\t\t\t\n\t\t><div class=\"accordion\" id=\"\">\n    \t                <div class=\"accordion-group panel accordion-panel\">\n                        <div class=\"accordion-heading accordionize\"> <a class=\"accordion-toggle active\" data-toggle=\"collapse\" data-parent=\"#\" href=\"#Area_0\">Why become a member? <i class=\"fa fa-angle-down\"><\/i> <\/a> <\/div><div id=\"Area_0\" class=\"accordion-body collapse in\"><div class=\"accordion-inner\">Becoming a member of MO5.COM is a way of showing your support and interest in our efforts to preserve and share our computer heritage. The more members we have, the more legitimate we will be in requesting institutional support to facilitate the creation of a truly national video game museum.\nBy becoming a member, you are also joining a community of enthusiasts for the history of computing and video games, and you can play an active part in making our project a reality, by taking part in our activities: managing our collections, exhibitions, communications, audiovisual content, etc.<\/div><\/div><\/div><div class=\"accordion-group panel accordion-panel\">\n                        <div class=\"accordion-heading accordionize\"> <a class=\"accordion-toggle\" data-toggle=\"collapse\" data-parent=\"#\" href=\"#Area_1\">The association's head office is in Ile-de-France, and I live in the provinces. Is it really worthwhile for me to become a member?<i class=\"fa fa-angle-down\"><\/i> <\/a> <\/div><div id=\"Area_1\" class=\"accordion-body collapse\"><div class=\"accordion-inner\">Yes !\nSimply becoming a member is important for the association.\nWhat's more, if you'd like to get involved in the association's activities despite your geographical distance, it's possible: we regularly organise exhibitions in the provinces (and even abroad), and several activities don't require you to be physically present in our offices: web development, graphic design, preparation of podcasts, and so on.<\/div><\/div><\/div><div class=\"accordion-group panel accordion-panel\">\n                        <div class=\"accordion-heading accordionize\"> <a class=\"accordion-toggle\" data-toggle=\"collapse\" data-parent=\"#\" href=\"#Area_2\">Why a Tipeee? <i class=\"fa fa-angle-down\"><\/i> <\/a> <\/div><div id=\"Area_2\" class=\"accordion-body collapse\"><div class=\"accordion-inner\">The association has to meet recurring financial needs: rent, service charges, purchases of equipment for the core collection and exhibitions, and so on. By setting up donations on Tipeee, we are able to generate regular and predictable income, enabling us to manage our budget effectively.<\/div><\/div><\/div><div class=\"accordion-group panel accordion-panel\">\n                        <div class=\"accordion-heading accordionize\"> <a class=\"accordion-toggle\" data-toggle=\"collapse\" data-parent=\"#\" href=\"#Area_3\">Is the transaction secure?<i class=\"fa fa-angle-down\"><\/i> <\/a> <\/div><div id=\"Area_3\" class=\"accordion-body collapse\"><div class=\"accordion-inner\">Absolutely. The security and confidentiality of your information is our priority. We use an SSL certificate to protect your information, and donations via the PayPal platform are secure. We will not sell, trade, or share your personal information with anyone, and we will not email donors on behalf of other organisations.  <\/div><\/div><\/div><\/div><\/div><\/div><\/div><\/div><\/div>","protected":false},"excerpt":{"rendered":"<p>By becoming a member of the MO5.COM association, you are showing your support for our approach to preserving and sharing video game heritage, and you can take part in all our activities. You can find out more about the team and member activities at this address. Membership of the association is valid for all members of the same household. Minors wishing to become members must provide parental authorisation.<\/p>","protected":false},"author":321,"featured_media":0,"parent":0,"menu_order":0,"comment_status":"closed","ping_status":"closed","template":"","meta":{"_acf_changed":false,"give_campaign_id":0,"footnotes":""},"class_list":["post-11080","page","type-page","status-publish","hentry"],"acf":[],"yoast_head":"<!-- This site is optimized with the Yoast SEO plugin v27.4 - https:\/\/yoast.com\/product\/yoast-seo-wordpress\/ -->\n<title>Devenir membre de MO5.COM - MO5.COM<\/title>\n<meta name=\"robots\" content=\"index, follow, max-snippet:-1, max-image-preview:large, max-video-preview:-1\" \/>\n<link rel=\"canonical\" href=\"https:\/\/mo5.com\/en\/adhesion\/\" \/>\n<meta property=\"og:locale\" content=\"en_GB\" \/>\n<meta property=\"og:type\" content=\"article\" \/>\n<meta property=\"og:title\" content=\"Devenir membre de MO5.COM - MO5.COM\" \/>\n<meta property=\"og:description\" content=\"En devenant membre de l&#039;association MO5.COM, vous marquez votre soutien \u00e0 notre d\u00e9marche de pr\u00e9servation et de partage du patrimoine vid\u00e9oludique, et vous pouvez participer \u00e0 toutes nos activit\u00e9s. Vous trouverez plus d&#039;informations sur l&#039;\u00e9quipe et les activit\u00e9s des membres \u00e0 cette adresse. L&#039;adh\u00e9sion \u00e0 l&#039;association est valable pour tous les membres d&#039;un m\u00eame foyer. Les personnes mineures d\u00e9sirant devenir membre doivent fournir une autorisation parentale.\" \/>\n<meta property=\"og:url\" content=\"https:\/\/mo5.com\/en\/adhesion\/\" \/>\n<meta property=\"og:site_name\" content=\"MO5.COM\" \/>\n<meta property=\"article:publisher\" content=\"https:\/\/www.facebook.com\/pages\/Association-MO5COM\/9540357570\" \/>\n<meta property=\"article:modified_time\" content=\"2024-01-16T12:40:23+00:00\" \/>\n<meta property=\"og:image\" content=\"https:\/\/mo5.com\/wp-content\/uploads\/2017\/07\/Logo-MO5.COM_-e1501416832888.png\" \/>\n\t<meta property=\"og:image:width\" content=\"549\" \/>\n\t<meta property=\"og:image:height\" content=\"100\" \/>\n\t<meta property=\"og:image:type\" content=\"image\/png\" \/>\n<meta name=\"twitter:card\" content=\"summary_large_image\" \/>\n<meta name=\"twitter:site\" content=\"@assomo5\" \/>\n<meta name=\"twitter:label1\" content=\"Estimated reading time\" \/>\n\t<meta name=\"twitter:data1\" content=\"3 minutes\" \/>\n<script type=\"application\/ld+json\" class=\"yoast-schema-graph\">{\"@context\":\"https:\\\/\\\/schema.org\",\"@graph\":[{\"@type\":\"WebPage\",\"@id\":\"https:\\\/\\\/mo5.com\\\/adhesion\\\/\",\"url\":\"https:\\\/\\\/mo5.com\\\/adhesion\\\/\",\"name\":\"Devenir membre de MO5.COM - MO5.COM\",\"isPartOf\":{\"@id\":\"https:\\\/\\\/mo5.com\\\/#website\"},\"datePublished\":\"2019-01-16T23:05:41+00:00\",\"dateModified\":\"2024-01-16T12:40:23+00:00\",\"breadcrumb\":{\"@id\":\"https:\\\/\\\/mo5.com\\\/adhesion\\\/#breadcrumb\"},\"inLanguage\":\"en-GB\",\"potentialAction\":[{\"@type\":\"ReadAction\",\"target\":[\"https:\\\/\\\/mo5.com\\\/adhesion\\\/\"]}]},{\"@type\":\"BreadcrumbList\",\"@id\":\"https:\\\/\\\/mo5.com\\\/adhesion\\\/#breadcrumb\",\"itemListElement\":[{\"@type\":\"ListItem\",\"position\":1,\"name\":\"Accueil\",\"item\":\"https:\\\/\\\/mo5.com\\\/\"},{\"@type\":\"ListItem\",\"position\":2,\"name\":\"Devenir membre de MO5.COM\"}]},{\"@type\":\"WebSite\",\"@id\":\"https:\\\/\\\/mo5.com\\\/#website\",\"url\":\"https:\\\/\\\/mo5.com\\\/\",\"name\":\"MO5.COM\",\"description\":\"Pr\u00e9server, explorer, rejouer\",\"publisher\":{\"@id\":\"https:\\\/\\\/mo5.com\\\/#organization\"},\"potentialAction\":[{\"@type\":\"SearchAction\",\"target\":{\"@type\":\"EntryPoint\",\"urlTemplate\":\"https:\\\/\\\/mo5.com\\\/?s={search_term_string}\"},\"query-input\":{\"@type\":\"PropertyValueSpecification\",\"valueRequired\":true,\"valueName\":\"search_term_string\"}}],\"inLanguage\":\"en-GB\"},{\"@type\":\"Organization\",\"@id\":\"https:\\\/\\\/mo5.com\\\/#organization\",\"name\":\"Association MO5.COM\",\"url\":\"https:\\\/\\\/mo5.com\\\/\",\"logo\":{\"@type\":\"ImageObject\",\"inLanguage\":\"en-GB\",\"@id\":\"https:\\\/\\\/mo5.com\\\/#\\\/schema\\\/logo\\\/image\\\/\",\"url\":\"https:\\\/\\\/mo5.com\\\/wp-content\\\/uploads\\\/2023\\\/10\\\/Logo_MO5_A_Colo_Texte_Bleu-e1697059504554.png\",\"contentUrl\":\"https:\\\/\\\/mo5.com\\\/wp-content\\\/uploads\\\/2023\\\/10\\\/Logo_MO5_A_Colo_Texte_Bleu-e1697059504554.png\",\"width\":2094,\"height\":559,\"caption\":\"Association MO5.COM\"},\"image\":{\"@id\":\"https:\\\/\\\/mo5.com\\\/#\\\/schema\\\/logo\\\/image\\\/\"},\"sameAs\":[\"https:\\\/\\\/www.facebook.com\\\/pages\\\/Association-MO5COM\\\/9540357570\",\"https:\\\/\\\/x.com\\\/assomo5\",\"http:\\\/\\\/www.instagram.com\\\/assomo5\",\"https:\\\/\\\/www.youtube.com\\\/channel\\\/UCRncMsBo89C9u_8gpWnsOVw\\\/featured\",\"https:\\\/\\\/bsky.app\\\/profile\\\/assomo5.bsky.social\",\"https:\\\/\\\/twitch.tv\\\/mo5assoretro\"]}]}<\/script>\n<!-- \/ Yoast SEO plugin. -->","yoast_head_json":{"title":"Become a member of MO5.COM - MO5.COM","robots":{"index":"index","follow":"follow","max-snippet":"max-snippet:-1","max-image-preview":"max-image-preview:large","max-video-preview":"max-video-preview:-1"},"canonical":"https:\/\/mo5.com\/en\/adhesion\/","og_locale":"en_GB","og_type":"article","og_title":"Devenir membre de MO5.COM - MO5.COM","og_description":"En devenant membre de l'association MO5.COM, vous marquez votre soutien \u00e0 notre d\u00e9marche de pr\u00e9servation et de partage du patrimoine vid\u00e9oludique, et vous pouvez participer \u00e0 toutes nos activit\u00e9s. Vous trouverez plus d'informations sur l'\u00e9quipe et les activit\u00e9s des membres \u00e0 cette adresse. L'adh\u00e9sion \u00e0 l'association est valable pour tous les membres d'un m\u00eame foyer. Les personnes mineures d\u00e9sirant devenir membre doivent fournir une autorisation parentale.","og_url":"https:\/\/mo5.com\/en\/adhesion\/","og_site_name":"MO5.COM","article_publisher":"https:\/\/www.facebook.com\/pages\/Association-MO5COM\/9540357570","article_modified_time":"2024-01-16T12:40:23+00:00","og_image":[{"width":549,"height":100,"url":"https:\/\/mo5.com\/wp-content\/uploads\/2017\/07\/Logo-MO5.COM_-e1501416832888.png","type":"image\/png"}],"twitter_card":"summary_large_image","twitter_site":"@assomo5","twitter_misc":{"Estimated reading time":"3 minutes"},"schema":{"@context":"https:\/\/schema.org","@graph":[{"@type":"WebPage","@id":"https:\/\/mo5.com\/adhesion\/","url":"https:\/\/mo5.com\/adhesion\/","name":"Become a member of MO5.COM - MO5.COM","isPartOf":{"@id":"https:\/\/mo5.com\/#website"},"datePublished":"2019-01-16T23:05:41+00:00","dateModified":"2024-01-16T12:40:23+00:00","breadcrumb":{"@id":"https:\/\/mo5.com\/adhesion\/#breadcrumb"},"inLanguage":"en-GB","potentialAction":[{"@type":"ReadAction","target":["https:\/\/mo5.com\/adhesion\/"]}]},{"@type":"BreadcrumbList","@id":"https:\/\/mo5.com\/adhesion\/#breadcrumb","itemListElement":[{"@type":"ListItem","position":1,"name":"Accueil","item":"https:\/\/mo5.com\/"},{"@type":"ListItem","position":2,"name":"Devenir membre de MO5.COM"}]},{"@type":"WebSite","@id":"https:\/\/mo5.com\/#website","url":"https:\/\/mo5.com\/","name":"MO5.COM","description":"Preserve, explore, replay","publisher":{"@id":"https:\/\/mo5.com\/#organization"},"potentialAction":[{"@type":"SearchAction","target":{"@type":"EntryPoint","urlTemplate":"https:\/\/mo5.com\/?s={search_term_string}"},"query-input":{"@type":"PropertyValueSpecification","valueRequired":true,"valueName":"search_term_string"}}],"inLanguage":"en-GB"},{"@type":"Organization","@id":"https:\/\/mo5.com\/#organization","name":"MO5.COM Association","url":"https:\/\/mo5.com\/","logo":{"@type":"ImageObject","inLanguage":"en-GB","@id":"https:\/\/mo5.com\/#\/schema\/logo\/image\/","url":"https:\/\/mo5.com\/wp-content\/uploads\/2023\/10\/Logo_MO5_A_Colo_Texte_Bleu-e1697059504554.png","contentUrl":"https:\/\/mo5.com\/wp-content\/uploads\/2023\/10\/Logo_MO5_A_Colo_Texte_Bleu-e1697059504554.png","width":2094,"height":559,"caption":"Association MO5.COM"},"image":{"@id":"https:\/\/mo5.com\/#\/schema\/logo\/image\/"},"sameAs":["https:\/\/www.facebook.com\/pages\/Association-MO5COM\/9540357570","https:\/\/x.com\/assomo5","http:\/\/www.instagram.com\/assomo5","https:\/\/www.youtube.com\/channel\/UCRncMsBo89C9u_8gpWnsOVw\/featured","https:\/\/bsky.app\/profile\/assomo5.bsky.social","https:\/\/twitch.tv\/mo5assoretro"]}]}},"campaignId":"","_links":{"self":[{"href":"https:\/\/mo5.com\/en\/wp-json\/wp\/v2\/pages\/11080","targetHints":{"allow":["GET"]}}],"collection":[{"href":"https:\/\/mo5.com\/en\/wp-json\/wp\/v2\/pages"}],"about":[{"href":"https:\/\/mo5.com\/en\/wp-json\/wp\/v2\/types\/page"}],"author":[{"embeddable":true,"href":"https:\/\/mo5.com\/en\/wp-json\/wp\/v2\/users\/321"}],"replies":[{"embeddable":true,"href":"https:\/\/mo5.com\/en\/wp-json\/wp\/v2\/comments?post=11080"}],"version-history":[{"count":0,"href":"https:\/\/mo5.com\/en\/wp-json\/wp\/v2\/pages\/11080\/revisions"}],"wp:attachment":[{"href":"https:\/\/mo5.com\/en\/wp-json\/wp\/v2\/media?parent=11080"}],"curies":[{"name":"wp","href":"https:\/\/api.w.org\/{rel}","templated":true}]}}