{"id":15,"date":"2014-02-28T06:55:03","date_gmt":"2014-02-28T06:55:03","guid":{"rendered":"http:\/\/192.232.247.118\/imithemes.com\/dev\/native-church\/?page_id=15"},"modified":"2019-03-21T17:05:19","modified_gmt":"2019-03-21T16:05:19","slug":"explorer","status":"publish","type":"page","link":"https:\/\/mo5.com\/en\/explorer\/","title":{"rendered":"Explore"},"content":{"rendered":"<div id=\"pl-15\"  class=\"panel-layout\" ><div id=\"pg-15-0\"  class=\"panel-grid panel-no-style\" ><div id=\"pgc-15-0-0\"  class=\"panel-grid-cell\" ><div id=\"panel-15-0-0-0\" class=\"so-panel widget widget_sow-headline panel-first-child panel-last-child\" data-index=\"0\" ><div\n\t\t\t\n\t\t\tclass=\"so-widget-sow-headline so-widget-sow-headline-default-04a4814bb7cd-15\"\n\t\t\t\n\t\t><div class=\"sow-headline-container \">\n\t\t\t\t\t\t\t<h1 class=\"sow-headline\">\n\t\t\t\t\t\tPour que la culture num\u00e9rique soit accessible \u00e0 tous\t\t\t\t\t\t<\/h1>\n\t\t\t\t\t\t<\/div>\n<\/div><\/div><\/div><div id=\"pgc-15-0-1\"  class=\"panel-grid-cell\" ><div id=\"panel-15-0-1-0\" class=\"so-panel widget widget_spacer-widget panel-first-child\" data-index=\"1\" ><div\n\t\t\t\n\t\t\tclass=\"so-widget-spacer-widget so-widget-spacer-widget-base\"\n\t\t\t\n\t\t>\n<div class=\"clearfix\" style=\"height:15px\"><\/div><\/div><\/div><div id=\"panel-15-0-1-1\" class=\"so-panel widget widget_black-studio-tinymce widget_black_studio_tinymce panel-last-child\" data-index=\"2\" ><div class=\"textwidget\"><div id=\"pg-3491-0\" class=\"panel-grid panel-no-style\">\n<div id=\"pgc-3491-0-1\" class=\"panel-grid-cell\">\n<div id=\"panel-3491-0-1-1\" class=\"so-panel widget widget_black-studio-tinymce widget_black_studio_tinymce panel-last-child\" data-index=\"2\">\n<div class=\"textwidget\">\n<p><span style=\"font-weight: 400;\">En 50 ans d\u2019existence, le num\u00e9rique a profond\u00e9ment boulevers\u00e9 notre soci\u00e9t\u00e9. Tous les corps de m\u00e9tier, tous les domaines culturels sont touch\u00e9s par cette r\u00e9volution. <\/span><\/p>\n<p><span style=\"font-weight: 400;\">Prendre connaissance des \u00e9volutions qui firent progresser les sciences de l\u2019informatique et du num\u00e9rique dans leur ensemble permet d\u2019appr\u00e9hender la formidable diversit\u00e9 et richesse de ce domaine. MO5.COM poss\u00e8de \u00e0 cet effet dans ses collections de tr\u00e8s nombreux documents li\u00e9s \u00e0 ces \u00e9volutions<\/span><\/div>\n<\/div>\n<\/div>\n<\/div>\n<\/div><\/div><\/div><\/div><div id=\"pg-15-1\"  class=\"panel-grid panel-has-style\" ><div class=\"siteorigin-panels-stretch panel-row-style panel-row-style-for-15-1\" data-stretch-type=\"full\" ><div id=\"pgc-15-1-0\"  class=\"panel-grid-cell\" ><div id=\"panel-15-1-0-0\" class=\"so-panel widget widget_spacer-widget panel-first-child\" data-index=\"3\" ><div\n\t\t\t\n\t\t\tclass=\"so-widget-spacer-widget so-widget-spacer-widget-base\"\n\t\t\t\n\t\t>\n<div class=\"clearfix\" style=\"height:100px\"><\/div><\/div><\/div><div id=\"panel-15-1-0-1\" class=\"so-panel widget widget_siteorigin-panels-builder\" data-index=\"4\" ><div id=\"pl-w5c93b63fa1785\"  class=\"panel-layout\" ><div id=\"pg-w5c93b63fa1785-0\"  class=\"panel-grid panel-no-style\" ><div id=\"pgc-w5c93b63fa1785-0-0\"  class=\"panel-grid-cell\" ><div id=\"panel-w5c93b63fa1785-0-0-0\" class=\"so-panel widget widget_featured-block-widget panel-first-child panel-last-child\" data-index=\"0\" ><div\n\t\t\t\n\t\t\tclass=\"so-widget-featured-block-widget so-widget-featured-block-widget-base\"\n\t\t\t\n\t\t>\n<div class=\"featured-block hover-effect\">\n    <figure><img loading=\"lazy\" decoding=\"async\" src=\"https:\/\/mo5.com\/wp-content\/uploads\/2019\/01\/DSC00044_3.jpg\" width=\"818\" height=\"614\"  class=\"featured-block-widget\" style=\"max-width:100%; height:auto; display:block\" alt=\"Widget image\"><\/figure>    <p>Nos importantes collections de mat\u00e9riel et de documentation sont consultables dans nos locaux pour toutes celles et ceux qui en font la demande afin d\u2019approfondir leur connaissance du patrimoine num\u00e9rique. \u00a0Ils peuvent \u00eatre assist\u00e9s sur place par nos membres qualifi\u00e9s.<\/p>    <\/div><\/div><\/div><\/div><div id=\"pgc-w5c93b63fa1785-0-1\"  class=\"panel-grid-cell\" ><div id=\"panel-w5c93b63fa1785-0-1-0\" class=\"so-panel widget widget_featured-block-widget panel-first-child panel-last-child\" data-index=\"1\" ><div\n\t\t\t\n\t\t\tclass=\"so-widget-featured-block-widget so-widget-featured-block-widget-base\"\n\t\t\t\n\t\t>\n<div class=\"featured-block hover-effect\">\n    <figure><img loading=\"lazy\" decoding=\"async\" src=\"https:\/\/mo5.com\/wp-content\/uploads\/2018\/12\/1513763360.jpg\" width=\"1000\" height=\"750\"  class=\"featured-block-widget\" style=\"max-width:100%; height:auto; display:block\" alt=\"Widget image\"><\/figure>    <p>Nous participons \u00e0 des tables rondes et \u00e0 des conf\u00e9rences autour de l'histoire de l'informatique et du jeu vid\u00e9o. Notre pr\u00e9sident, Philippe Dubois, et nos membres sp\u00e9cialistes, partagent ainsi leurs connaissances aupr\u00e8s de publics passionn\u00e9s ou bien n\u00e9ophytes.<\/p>    <\/div><\/div><\/div><\/div><div id=\"pgc-w5c93b63fa1785-0-2\"  class=\"panel-grid-cell\" ><div id=\"panel-w5c93b63fa1785-0-2-0\" class=\"so-panel widget widget_featured-block-widget panel-first-child panel-last-child\" data-index=\"2\" ><div\n\t\t\t\n\t\t\tclass=\"so-widget-featured-block-widget so-widget-featured-block-widget-base\"\n\t\t\t\n\t\t>\n<div class=\"featured-block hover-effect\">\n    <figure><img loading=\"lazy\" decoding=\"async\" src=\"https:\/\/mo5.com\/wp-content\/uploads\/2018\/12\/atelier.jpg\" width=\"800\" height=\"600\"  class=\"featured-block-widget\" style=\"max-width:100%; height:auto; display:block\" alt=\"Widget image\"><\/figure>    <p>Nous proposons ainsi la d\u00e9couverte d\u2019anciennes machines \u00e0 travers leur entretien et leur remise en \u00e9tat. L\u2019association MO5.COM a pour vertu de r\u00e9parer le mat\u00e9riel qu\u2019elle met \u00e0 disposition du public lors de ses \u00e9v\u00e8nements et de restaurer les machines anciennes afin de les remettre en \u00e9tat de marche. <\/p>    <\/div><\/div><\/div><\/div><\/div><\/div><\/div><div id=\"panel-15-1-0-2\" class=\"so-panel widget widget_black-studio-tinymce widget_black_studio_tinymce\" data-index=\"5\" ><div class=\"textwidget\"><p><span style=\"font-weight: 400;\">L'association diffuse \u00e9galement ses connaissances et conseils gr\u00e2ce aux canaux de diffusion modernes comme internet (\u00e9missions <a href=\"https:\/\/www.youtube.com\/playlist?list=PLpqLeUdXMr1XeqJw6P9K7uVMSRg5ndWvP\">Very Hard <\/a><\/span><span style=\"font-weight: 400;\">ou <a href=\"https:\/\/www.youtube.com\/watch?v=Edk5PFoZDR4&amp;list=PLmwikiCAMv2KQVwjMgz9pClzbLFONKXoD\">Antiquitech<\/a><\/span><span style=\"font-weight: 400;\">), \u00e0 la t\u00e9l\u00e9vision (reportages sur les chaines nationales),\u00a0 ou par le biais d\u2019interviews pour des magazines ou sites web.<\/span><\/p>\n<p>Nous explorons \u00e9galement l'histoire de l'informatique et des jeux vid\u00e9o \u00e0 travers <a href=\"https:\/\/mo5.com\/category\/podcast\/\">nos podcasts<\/a>, dans lesquels nous donnons la parole \u00e0 des professionnels du secteur, qui partagent leur point de vue unique sur les sujets abord\u00e9s.<\/p>\n<\/div><\/div><div id=\"panel-15-1-0-3\" class=\"so-panel widget widget_media_video panel-last-child\" data-index=\"6\" ><div style=\"width:100%;\" class=\"wp-video\"><video class=\"wp-video-shortcode\" id=\"video-15-1\" preload=\"metadata\" controls=\"controls\"><source type=\"video\/youtube\" src=\"https:\/\/www.youtube.com\/watch?v=mh_YpzDnSHU&#038;_=1\" \/><a href=\"https:\/\/www.youtube.com\/watch?v=mh_YpzDnSHU\">https:\/\/www.youtube.com\/watch?v=mh_YpzDnSHU<\/a><\/video><\/div><\/div><\/div><\/div><\/div><div id=\"pg-15-2\"  class=\"panel-grid panel-has-style\" ><div class=\"siteorigin-panels-stretch panel-row-style panel-row-style-for-15-2\" data-stretch-type=\"full-stretched\" ><div id=\"pgc-15-2-0\"  class=\"panel-grid-cell\" ><div id=\"panel-15-2-0-0\" class=\"so-panel widget widget_spacer-widget panel-first-child\" data-index=\"7\" ><div\n\t\t\t\n\t\t\tclass=\"so-widget-spacer-widget so-widget-spacer-widget-base\"\n\t\t\t\n\t\t>\n<div class=\"clearfix\" style=\"height:30px\"><\/div><\/div><\/div><div id=\"panel-15-2-0-1\" class=\"so-panel widget widget_rev-slider-widget widget_revslider panel-last-child\" data-index=\"8\" >\n\t\t\t<!-- START bottom_don REVOLUTION SLIDER 6.7.39 --><p class=\"rs-p-wp-fix\"><\/p>\n\t\t\t<rs-module-wrap id=\"rev_slider_38_1_wrapper\" data-source=\"gallery\" style=\"visibility:hidden;background:transparent;padding:0;margin:0px auto;margin-top:0;margin-bottom:0;\">\n\t\t\t\t<rs-module id=\"rev_slider_38_1\" style=\"\" data-version=\"6.7.39\">\n\t\t\t\t\t<rs-slides style=\"overflow: hidden; position: absolute;\">\n\t\t\t\t\t\t<rs-slide style=\"position: absolute;\" data-key=\"rs-88\" data-title=\"Slide\" data-in=\"o:0;y:100%;\">\n\t\t\t\t\t\t\t<img decoding=\"async\" src=\"\/\/mo5.com\/wp-content\/plugins\/revslider\/sr6\/assets\/assets\/dummy.png\" alt=\"Slide\" title=\"Explorer\" class=\"rev-slidebg tp-rs-img rs-lazyload\" data-lazyload=\"\/\/mo5.com\/wp-content\/plugins\/revslider\/sr6\/assets\/assets\/transparent.png\" data-bg=\"c:#4088cf;\" data-parallax=\"off\" data-no-retina>\n<!--\n\t\t\t\t\t\t\t--><rs-layer\n\t\t\t\t\t\t\t\tid=\"slider-38-slide-88-layer-1\" \n\t\t\t\t\t\t\t\tdata-type=\"text\"\n\t\t\t\t\t\t\t\tdata-rsp_ch=\"on\"\n\t\t\t\t\t\t\t\tdata-xy=\"x:c;yo:27px;\"\n\t\t\t\t\t\t\t\tdata-text=\"w:normal;s:48;l:40;a:center;\"\n\t\t\t\t\t\t\t\tdata-dim=\"w:633px;h:81px;\"\n\t\t\t\t\t\t\t\tdata-frame_0=\"tp:600;\"\n\t\t\t\t\t\t\t\tdata-frame_1=\"tp:600;st:0;\"\n\t\t\t\t\t\t\t\tdata-frame_999=\"o:0;tp:600;st:w;sR:8700;\"\n\t\t\t\t\t\t\t\tstyle=\"z-index:5;font-family:'Open Sans';\"\n\t\t\t\t\t\t\t>Vous souhaitez nous aider ? \n\t\t\t\t\t\t\t<\/rs-layer><!--\n\n\t\t\t\t\t\t\t--><rs-layer\n\t\t\t\t\t\t\t\tid=\"slider-38-slide-88-layer-2\" \n\t\t\t\t\t\t\t\tdata-type=\"text\"\n\t\t\t\t\t\t\t\tdata-rsp_ch=\"on\"\n\t\t\t\t\t\t\t\tdata-xy=\"x:c;yo:88px;\"\n\t\t\t\t\t\t\t\tdata-text=\"w:normal;s:42;l:48;fw:300;a:center;\"\n\t\t\t\t\t\t\t\tdata-dim=\"w:1200px;\"\n\t\t\t\t\t\t\t\tdata-frame_0=\"tp:600;\"\n\t\t\t\t\t\t\t\tdata-frame_1=\"tp:600;st:0;\"\n\t\t\t\t\t\t\t\tdata-frame_999=\"o:0;tp:600;st:w;sR:8700;\"\n\t\t\t\t\t\t\t\tstyle=\"z-index:6;font-family:'Open Sans';\"\n\t\t\t\t\t\t\t>Apportez votre contribution en faisant un don \n\t\t\t\t\t\t\t<\/rs-layer><!--\n\n\t\t\t\t\t\t\t--><rs-layer\n\t\t\t\t\t\t\t\tid=\"slider-38-slide-88-layer-3\" \n\t\t\t\t\t\t\t\tclass=\"rev-btn\"\n\t\t\t\t\t\t\t\tdata-type=\"button\"\n\t\t\t\t\t\t\t\tdata-color=\"rgba(255,255,255,1)\"\n\t\t\t\t\t\t\t\tdata-xy=\"x:c;yo:174px;\"\n\t\t\t\t\t\t\t\tdata-text=\"s:36;l:17;fw:500;a:inherit;\"\n\t\t\t\t\t\t\t\tdata-actions='o:click;a:simplelink;target:_self;url:https:\/\/mo5.com\/don\/;'\n\t\t\t\t\t\t\t\tdata-rsp_bd=\"off\"\n\t\t\t\t\t\t\t\tdata-padding=\"t:35;r:35;b:35;l:35;\"\n\t\t\t\t\t\t\t\tdata-frame_0=\"tp:600;\"\n\t\t\t\t\t\t\t\tdata-frame_1=\"tp:600;st:0;\"\n\t\t\t\t\t\t\t\tdata-frame_999=\"o:0;tp:600;st:w;sR:8700;\"\n\t\t\t\t\t\t\t\tdata-frame_hover=\"c:#000;bgc:#fff;boc:#000;bor:0px,0px,0px,0px;bos:solid;oX:50;oY:50;sp:0;e:none;\"\n\t\t\t\t\t\t\t\tstyle=\"z-index:7;background-color:rgba(255,58,45,0.75);font-family:'Roboto';cursor:pointer;outline:none;box-shadow:none;box-sizing:border-box;-moz-box-sizing:border-box;-webkit-box-sizing:border-box;\"\n\t\t\t\t\t\t\t>Je fais un don \n\t\t\t\t\t\t\t<\/rs-layer><!--\n-->\t\t\t\t\t<\/rs-slide>\n\t\t\t\t\t<\/rs-slides>\n\t\t\t\t<\/rs-module>\n\t\t\t\t<script>\n\t\t\t\t\tsetREVStartSize({c: 'rev_slider_38_1',rl:[1920,991,769,575],el:[],gw:[1400,1024,778,480],gh:[300,300,960,720],type:'hero',justify:'',layout:'fullwidth',mh:\"0\"});if (window.RS_MODULES!==undefined && window.RS_MODULES.modules!==undefined && window.RS_MODULES.modules[\"revslider381\"]!==undefined) {window.RS_MODULES.modules[\"revslider381\"].once = false;window.revapi38 = undefined;if (window.RS_MODULES.checkMinimal!==undefined) window.RS_MODULES.checkMinimal()}\n\t\t\t\t<\/script>\n\t\t\t<\/rs-module-wrap>\n\t\t\t<!-- END REVOLUTION SLIDER -->\n<\/div><\/div><\/div><\/div><\/div>","protected":false},"excerpt":{"rendered":"<p>In the 50 years of its existence, digital technology has profoundly changed our society. All trades and all cultural fields have been affected by this revolution. Learning about the developments that have taken the computer and digital sciences as a whole to new heights gives us an insight into the tremendous diversity and richness of this field. MO5.COM's collections include a wealth of documents relating to these developments. The association also disseminates its knowledge and advice through modern distribution channels such as the internet (Very Hard and Antiquitech programmes), television (reports on national channels) and interviews for magazines and websites. We also explore the history of computing and video games through our podcasts, in which we give the floor to industry professionals who share their unique perspective on the subjects covered.<\/p>","protected":false},"author":321,"featured_media":0,"parent":0,"menu_order":0,"comment_status":"closed","ping_status":"closed","template":"","meta":{"_acf_changed":false,"give_campaign_id":0,"footnotes":""},"class_list":["post-15","page","type-page","status-publish","hentry"],"acf":[],"yoast_head":"<!-- This site is optimized with the Yoast SEO plugin v27.4 - https:\/\/yoast.com\/product\/yoast-seo-wordpress\/ -->\n<title>Explorer - MO5.COM<\/title>\n<meta name=\"robots\" content=\"index, follow, max-snippet:-1, max-image-preview:large, max-video-preview:-1\" \/>\n<link rel=\"canonical\" href=\"https:\/\/mo5.com\/en\/explorer\/\" \/>\n<meta property=\"og:locale\" content=\"en_GB\" \/>\n<meta property=\"og:type\" content=\"article\" \/>\n<meta property=\"og:title\" content=\"Explorer - MO5.COM\" \/>\n<meta property=\"og:description\" content=\"En 50 ans d\u2019existence, le num\u00e9rique a profond\u00e9ment boulevers\u00e9 notre soci\u00e9t\u00e9. Tous les corps de m\u00e9tier, tous les domaines culturels sont touch\u00e9s par cette r\u00e9volution. Prendre connaissance des \u00e9volutions qui firent progresser les sciences de l\u2019informatique et du num\u00e9rique dans leur ensemble permet d\u2019appr\u00e9hender la formidable diversit\u00e9 et richesse de ce domaine. MO5.COM poss\u00e8de \u00e0 cet effet dans ses collections de tr\u00e8s nombreux documents li\u00e9s \u00e0 ces \u00e9volutions L&#039;association diffuse \u00e9galement ses connaissances et conseils gr\u00e2ce aux canaux de diffusion modernes comme internet (\u00e9missions Very Hard ou Antiquitech), \u00e0 la t\u00e9l\u00e9vision (reportages sur les chaines nationales),\u00a0 ou par le biais d\u2019interviews pour des magazines ou sites web. Nous explorons \u00e9galement l&#039;histoire de l&#039;informatique et des jeux vid\u00e9o \u00e0 travers nos podcasts, dans lesquels nous donnons la parole \u00e0 des professionnels du secteur, qui partagent leur point de vue unique sur les sujets abord\u00e9s.\" \/>\n<meta property=\"og:url\" content=\"https:\/\/mo5.com\/en\/explorer\/\" \/>\n<meta property=\"og:site_name\" content=\"MO5.COM\" \/>\n<meta property=\"article:publisher\" content=\"https:\/\/www.facebook.com\/pages\/Association-MO5COM\/9540357570\" \/>\n<meta property=\"article:modified_time\" content=\"2019-03-21T16:05:19+00:00\" \/>\n<meta property=\"og:image\" content=\"https:\/\/mo5.com\/wp-content\/uploads\/2017\/07\/Logo-MO5.COM_-e1501416832888.png\" \/>\n\t<meta property=\"og:image:width\" content=\"549\" \/>\n\t<meta property=\"og:image:height\" content=\"100\" \/>\n\t<meta property=\"og:image:type\" content=\"image\/png\" \/>\n<meta name=\"twitter:card\" content=\"summary_large_image\" \/>\n<meta name=\"twitter:site\" content=\"@assomo5\" \/>\n<meta name=\"twitter:label1\" content=\"Estimated reading time\" \/>\n\t<meta name=\"twitter:data1\" content=\"1 minute\" \/>\n<script type=\"application\/ld+json\" class=\"yoast-schema-graph\">{\"@context\":\"https:\\\/\\\/schema.org\",\"@graph\":[{\"@type\":\"WebPage\",\"@id\":\"https:\\\/\\\/mo5.com\\\/explorer\\\/\",\"url\":\"https:\\\/\\\/mo5.com\\\/explorer\\\/\",\"name\":\"Explorer - MO5.COM\",\"isPartOf\":{\"@id\":\"https:\\\/\\\/mo5.com\\\/#website\"},\"datePublished\":\"2014-02-28T06:55:03+00:00\",\"dateModified\":\"2019-03-21T16:05:19+00:00\",\"breadcrumb\":{\"@id\":\"https:\\\/\\\/mo5.com\\\/explorer\\\/#breadcrumb\"},\"inLanguage\":\"en-GB\",\"potentialAction\":[{\"@type\":\"ReadAction\",\"target\":[\"https:\\\/\\\/mo5.com\\\/explorer\\\/\"]}]},{\"@type\":\"BreadcrumbList\",\"@id\":\"https:\\\/\\\/mo5.com\\\/explorer\\\/#breadcrumb\",\"itemListElement\":[{\"@type\":\"ListItem\",\"position\":1,\"name\":\"Accueil\",\"item\":\"https:\\\/\\\/mo5.com\\\/\"},{\"@type\":\"ListItem\",\"position\":2,\"name\":\"Explorer\"}]},{\"@type\":\"WebSite\",\"@id\":\"https:\\\/\\\/mo5.com\\\/#website\",\"url\":\"https:\\\/\\\/mo5.com\\\/\",\"name\":\"MO5.COM\",\"description\":\"Pr\u00e9server, explorer, rejouer\",\"publisher\":{\"@id\":\"https:\\\/\\\/mo5.com\\\/#organization\"},\"potentialAction\":[{\"@type\":\"SearchAction\",\"target\":{\"@type\":\"EntryPoint\",\"urlTemplate\":\"https:\\\/\\\/mo5.com\\\/?s={search_term_string}\"},\"query-input\":{\"@type\":\"PropertyValueSpecification\",\"valueRequired\":true,\"valueName\":\"search_term_string\"}}],\"inLanguage\":\"en-GB\"},{\"@type\":\"Organization\",\"@id\":\"https:\\\/\\\/mo5.com\\\/#organization\",\"name\":\"Association MO5.COM\",\"url\":\"https:\\\/\\\/mo5.com\\\/\",\"logo\":{\"@type\":\"ImageObject\",\"inLanguage\":\"en-GB\",\"@id\":\"https:\\\/\\\/mo5.com\\\/#\\\/schema\\\/logo\\\/image\\\/\",\"url\":\"https:\\\/\\\/mo5.com\\\/wp-content\\\/uploads\\\/2023\\\/10\\\/Logo_MO5_A_Colo_Texte_Bleu-e1697059504554.png\",\"contentUrl\":\"https:\\\/\\\/mo5.com\\\/wp-content\\\/uploads\\\/2023\\\/10\\\/Logo_MO5_A_Colo_Texte_Bleu-e1697059504554.png\",\"width\":2094,\"height\":559,\"caption\":\"Association MO5.COM\"},\"image\":{\"@id\":\"https:\\\/\\\/mo5.com\\\/#\\\/schema\\\/logo\\\/image\\\/\"},\"sameAs\":[\"https:\\\/\\\/www.facebook.com\\\/pages\\\/Association-MO5COM\\\/9540357570\",\"https:\\\/\\\/x.com\\\/assomo5\",\"http:\\\/\\\/www.instagram.com\\\/assomo5\",\"https:\\\/\\\/www.youtube.com\\\/channel\\\/UCRncMsBo89C9u_8gpWnsOVw\\\/featured\",\"https:\\\/\\\/bsky.app\\\/profile\\\/assomo5.bsky.social\",\"https:\\\/\\\/twitch.tv\\\/mo5assoretro\"]}]}<\/script>\n<!-- \/ Yoast SEO plugin. -->","yoast_head_json":{"title":"Explorer - MO5.COM","robots":{"index":"index","follow":"follow","max-snippet":"max-snippet:-1","max-image-preview":"max-image-preview:large","max-video-preview":"max-video-preview:-1"},"canonical":"https:\/\/mo5.com\/en\/explorer\/","og_locale":"en_GB","og_type":"article","og_title":"Explorer - MO5.COM","og_description":"En 50 ans d\u2019existence, le num\u00e9rique a profond\u00e9ment boulevers\u00e9 notre soci\u00e9t\u00e9. Tous les corps de m\u00e9tier, tous les domaines culturels sont touch\u00e9s par cette r\u00e9volution. Prendre connaissance des \u00e9volutions qui firent progresser les sciences de l\u2019informatique et du num\u00e9rique dans leur ensemble permet d\u2019appr\u00e9hender la formidable diversit\u00e9 et richesse de ce domaine. MO5.COM poss\u00e8de \u00e0 cet effet dans ses collections de tr\u00e8s nombreux documents li\u00e9s \u00e0 ces \u00e9volutions L'association diffuse \u00e9galement ses connaissances et conseils gr\u00e2ce aux canaux de diffusion modernes comme internet (\u00e9missions Very Hard ou Antiquitech), \u00e0 la t\u00e9l\u00e9vision (reportages sur les chaines nationales),\u00a0 ou par le biais d\u2019interviews pour des magazines ou sites web. Nous explorons \u00e9galement l'histoire de l'informatique et des jeux vid\u00e9o \u00e0 travers nos podcasts, dans lesquels nous donnons la parole \u00e0 des professionnels du secteur, qui partagent leur point de vue unique sur les sujets abord\u00e9s.","og_url":"https:\/\/mo5.com\/en\/explorer\/","og_site_name":"MO5.COM","article_publisher":"https:\/\/www.facebook.com\/pages\/Association-MO5COM\/9540357570","article_modified_time":"2019-03-21T16:05:19+00:00","og_image":[{"width":549,"height":100,"url":"https:\/\/mo5.com\/wp-content\/uploads\/2017\/07\/Logo-MO5.COM_-e1501416832888.png","type":"image\/png"}],"twitter_card":"summary_large_image","twitter_site":"@assomo5","twitter_misc":{"Estimated reading time":"1 minute"},"schema":{"@context":"https:\/\/schema.org","@graph":[{"@type":"WebPage","@id":"https:\/\/mo5.com\/explorer\/","url":"https:\/\/mo5.com\/explorer\/","name":"Explorer - MO5.COM","isPartOf":{"@id":"https:\/\/mo5.com\/#website"},"datePublished":"2014-02-28T06:55:03+00:00","dateModified":"2019-03-21T16:05:19+00:00","breadcrumb":{"@id":"https:\/\/mo5.com\/explorer\/#breadcrumb"},"inLanguage":"en-GB","potentialAction":[{"@type":"ReadAction","target":["https:\/\/mo5.com\/explorer\/"]}]},{"@type":"BreadcrumbList","@id":"https:\/\/mo5.com\/explorer\/#breadcrumb","itemListElement":[{"@type":"ListItem","position":1,"name":"Accueil","item":"https:\/\/mo5.com\/"},{"@type":"ListItem","position":2,"name":"Explorer"}]},{"@type":"WebSite","@id":"https:\/\/mo5.com\/#website","url":"https:\/\/mo5.com\/","name":"MO5.COM","description":"Preserve, explore, replay","publisher":{"@id":"https:\/\/mo5.com\/#organization"},"potentialAction":[{"@type":"SearchAction","target":{"@type":"EntryPoint","urlTemplate":"https:\/\/mo5.com\/?s={search_term_string}"},"query-input":{"@type":"PropertyValueSpecification","valueRequired":true,"valueName":"search_term_string"}}],"inLanguage":"en-GB"},{"@type":"Organization","@id":"https:\/\/mo5.com\/#organization","name":"MO5.COM Association","url":"https:\/\/mo5.com\/","logo":{"@type":"ImageObject","inLanguage":"en-GB","@id":"https:\/\/mo5.com\/#\/schema\/logo\/image\/","url":"https:\/\/mo5.com\/wp-content\/uploads\/2023\/10\/Logo_MO5_A_Colo_Texte_Bleu-e1697059504554.png","contentUrl":"https:\/\/mo5.com\/wp-content\/uploads\/2023\/10\/Logo_MO5_A_Colo_Texte_Bleu-e1697059504554.png","width":2094,"height":559,"caption":"Association MO5.COM"},"image":{"@id":"https:\/\/mo5.com\/#\/schema\/logo\/image\/"},"sameAs":["https:\/\/www.facebook.com\/pages\/Association-MO5COM\/9540357570","https:\/\/x.com\/assomo5","http:\/\/www.instagram.com\/assomo5","https:\/\/www.youtube.com\/channel\/UCRncMsBo89C9u_8gpWnsOVw\/featured","https:\/\/bsky.app\/profile\/assomo5.bsky.social","https:\/\/twitch.tv\/mo5assoretro"]}]}},"campaignId":"","_links":{"self":[{"href":"https:\/\/mo5.com\/en\/wp-json\/wp\/v2\/pages\/15","targetHints":{"allow":["GET"]}}],"collection":[{"href":"https:\/\/mo5.com\/en\/wp-json\/wp\/v2\/pages"}],"about":[{"href":"https:\/\/mo5.com\/en\/wp-json\/wp\/v2\/types\/page"}],"author":[{"embeddable":true,"href":"https:\/\/mo5.com\/en\/wp-json\/wp\/v2\/users\/321"}],"replies":[{"embeddable":true,"href":"https:\/\/mo5.com\/en\/wp-json\/wp\/v2\/comments?post=15"}],"version-history":[{"count":0,"href":"https:\/\/mo5.com\/en\/wp-json\/wp\/v2\/pages\/15\/revisions"}],"wp:attachment":[{"href":"https:\/\/mo5.com\/en\/wp-json\/wp\/v2\/media?parent=15"}],"curies":[{"name":"wp","href":"https:\/\/api.w.org\/{rel}","templated":true}]}}