{"id":608,"date":"2013-07-18T21:29:27","date_gmt":"2013-07-18T20:29:27","guid":{"rendered":"https:\/\/mo5.fr\/beta\/?page_id=608"},"modified":"2019-01-15T20:02:07","modified_gmt":"2019-01-15T19:02:07","slug":"preserver","status":"publish","type":"page","link":"https:\/\/mo5.com\/en\/preserver\/","title":{"rendered":"Preservation"},"content":{"rendered":"<div id=\"pl-608\"  class=\"panel-layout\" ><div id=\"pg-608-0\"  class=\"panel-grid panel-no-style\" ><div id=\"pgc-608-0-0\"  class=\"panel-grid-cell\" ><div id=\"panel-608-0-0-0\" class=\"so-panel widget widget_sow-headline panel-first-child panel-last-child\" data-index=\"0\" ><div\n\t\t\t\n\t\t\tclass=\"so-widget-sow-headline so-widget-sow-headline-default-04a4814bb7cd-608\"\n\t\t\t\n\t\t><div class=\"sow-headline-container \">\n\t\t\t\t\t\t\t<h1 class=\"sow-headline\">\n\t\t\t\t\t\tNos collections au service de la pr\u00e9servation\t\t\t\t\t\t<\/h1>\n\t\t\t\t\t\t<\/div>\n<\/div><\/div><\/div><div id=\"pgc-608-0-1\"  class=\"panel-grid-cell\" ><div id=\"panel-608-0-1-0\" class=\"so-panel widget widget_spacer-widget panel-first-child\" data-index=\"1\" ><div\n\t\t\t\n\t\t\tclass=\"so-widget-spacer-widget so-widget-spacer-widget-base\"\n\t\t\t\n\t\t>\n<div class=\"clearfix\" style=\"height:15px\"><\/div><\/div><\/div><div id=\"panel-608-0-1-1\" class=\"so-panel widget widget_sow-editor panel-last-child\" data-index=\"2\" ><div\n\t\t\t\n\t\t\tclass=\"so-widget-sow-editor so-widget-sow-editor-base\"\n\t\t\t\n\t\t>\n<div class=\"siteorigin-widget-tinymce textwidget\">\n\t<p><span style=\"font-weight: 400;\">L\u2019association <\/span><a href=\"https:\/\/mo5.com\/\"><span style=\"font-weight: 400;\">MO5.COM<\/span><\/a><span style=\"font-weight: 400;\"> a r\u00e9uni une des plus importantes collections d\u2019Europe concernant le patrimoine num\u00e9rique et vid\u00e9oludique. <\/span><\/p>\n<p><span style=\"font-weight: 400;\">Dans une d\u00e9marche unique de recherche, de pr\u00e9servation et de diffusion d\u2019un patrimoine en constante \u00e9volution,<\/span><a href=\"https:\/\/mo5.com\/\"> <span style=\"font-weight: 400;\">MO5.COM<\/span><\/a><span style=\"font-weight: 400;\"> est devenu un acteur de r\u00e9f\u00e9rence qui poss\u00e8de une excellente connaissance du domaine.<\/span><\/p>\n<\/div>\n<\/div><\/div><\/div><\/div><div id=\"pg-608-1\"  class=\"panel-grid panel-no-style\" ><div id=\"pgc-608-1-0\"  class=\"panel-grid-cell\" ><div id=\"panel-608-1-0-0\" class=\"so-panel widget widget_spacer-widget panel-first-child\" data-index=\"3\" ><div\n\t\t\t\n\t\t\tclass=\"so-widget-spacer-widget so-widget-spacer-widget-base\"\n\t\t\t\n\t\t>\n<div class=\"clearfix\" style=\"height:100px\"><\/div><\/div><\/div><div id=\"panel-608-1-0-1\" class=\"so-panel widget widget_sow-editor\" data-index=\"4\" ><div\n\t\t\t\n\t\t\tclass=\"so-widget-sow-editor so-widget-sow-editor-base\"\n\t\t\t\n\t\t>\n<div class=\"siteorigin-widget-tinymce textwidget\">\n\t<p><span style=\"font-weight: 400;\">Cette collection unique en son genre comprend aussi bien des ordinateurs, des consoles de salon,\u00a0 des bornes d\u2019arcade, des bornes de d\u00e9monstration, que de la documentation, des magazines, des objets publicitaires et bien s\u00fbr un grand nombre de logiciels pour chaque machine.\u00a0<\/span>Cette collection estim\u00e9e \u00e0 environ 60 000 pi\u00e8ces est majoritairement destin\u00e9e \u00e0 un grand projet, la cr\u00e9ation d\u2019un mus\u00e9e national d\u00e9di\u00e9 au patrimoine num\u00e9rique.<\/p>\n<p>Les pi\u00e8ces de notre c\u0153ur de collection, qui regroupe les objets les plus rares et qui sont dans le meilleur \u00e9tat de conservation, sont conserv\u00e9es \u00e0 l'abri de la lumi\u00e8re, de l'humidit\u00e9 et des variations importantes de temp\u00e9rature.<\/p>\n<p>Les pi\u00e8ces les plus communes, que nous poss\u00e9dons en de nombreux exemplaires, ou qui doivent faire l'objet de r\u00e9paration, constituent notre collection d'\u00e9tude, qui alimente nos expositions et peut \u00eatre consult\u00e9e par les \u00e9tudiants, les chercheurs ou les journalistes qui le souhaitent.<\/p>\n<\/div>\n<\/div><\/div><div id=\"panel-608-1-0-2\" class=\"so-panel widget widget_siteorigin-panels-builder panel-last-child\" data-index=\"5\" ><div id=\"pl-w5c0d704482bba\"  class=\"panel-layout\" ><div id=\"pg-w5c0d704482bba-0\"  class=\"panel-grid panel-no-style\" ><div id=\"pgc-w5c0d704482bba-0-0\"  class=\"panel-grid-cell\" ><div id=\"panel-w5c0d704482bba-0-0-0\" class=\"so-panel widget widget_featured-block-widget panel-first-child panel-last-child\" data-index=\"0\" ><div\n\t\t\t\n\t\t\tclass=\"so-widget-featured-block-widget so-widget-featured-block-widget-base\"\n\t\t\t\n\t\t>\n<div class=\"featured-block hover-effect\">\n    <figure><img loading=\"lazy\" decoding=\"async\" src=\"https:\/\/mo5.com\/wp-content\/uploads\/2018\/12\/Computer_Space.jpg\" width=\"600\" height=\"450\"  class=\"featured-block-widget\" style=\"max-width:100%; height:auto; display:block\" alt=\"Widget image\"><\/figure>    <p>Nos collections comprennent environ 25 000 machines, dans les domaines de l'informatique professionnelle et personnelle, et du jeu vid\u00e9o. Nos pi\u00e8ces les plus anciennes ont plus de 50 ans, et une partie dispose encore de son emballage d'origine.<\/p>    <\/div><\/div><\/div><\/div><div id=\"pgc-w5c0d704482bba-0-1\"  class=\"panel-grid-cell\" ><div id=\"panel-w5c0d704482bba-0-1-0\" class=\"so-panel widget widget_featured-block-widget panel-first-child panel-last-child\" data-index=\"1\" ><div\n\t\t\t\n\t\t\tclass=\"so-widget-featured-block-widget so-widget-featured-block-widget-base\"\n\t\t\t\n\t\t>\n<div class=\"featured-block hover-effect\">\n    <figure><img loading=\"lazy\" decoding=\"async\" src=\"https:\/\/mo5.com\/wp-content\/uploads\/2018\/12\/P80915-172243.jpg\" width=\"1411\" height=\"1058\"  class=\"featured-block-widget\" style=\"max-width:100%; height:auto; display:block\" alt=\"Widget image\"><\/figure>    <p>Notre collection de software est compos\u00e9e de logiciels professionnels de de nombreux jeux vid\u00e9o, sous tous les formats : cassettes audio, disquettes, cartouches, CD-Rom, etc. Au total, plus de quarante supports sont repr\u00e9sent\u00e9s, sur une dur\u00e9e allant des ann\u00e9es 1970 \u00e0 nos jours.<\/p>    <\/div><\/div><\/div><\/div><div id=\"pgc-w5c0d704482bba-0-2\"  class=\"panel-grid-cell\" ><div id=\"panel-w5c0d704482bba-0-2-0\" class=\"so-panel widget widget_featured-block-widget panel-first-child panel-last-child\" data-index=\"2\" ><div\n\t\t\t\n\t\t\tclass=\"so-widget-featured-block-widget so-widget-featured-block-widget-base\"\n\t\t\t\n\t\t>\n<div class=\"featured-block hover-effect\">\n    <figure><img loading=\"lazy\" decoding=\"async\" src=\"https:\/\/mo5.com\/wp-content\/uploads\/2018\/12\/Magazines-1.jpg\" width=\"600\" height=\"450\"  class=\"featured-block-widget\" style=\"max-width:100%; height:auto; display:block\" alt=\"Widget image\"><\/figure>    <p>Nos collections papier regroupent des manuels d'utilisation, de programmation, des notices techniques, et plusieurs milliers de magazines traitant de l'actualit\u00e9 de l'informatique et des jeux vid\u00e9o. <\/p>    <\/div><\/div><\/div><\/div><\/div><\/div><\/div><\/div><\/div><div id=\"pg-608-2\"  class=\"panel-grid panel-has-style\" ><div class=\"siteorigin-panels-stretch panel-row-style panel-row-style-for-608-2\" data-stretch-type=\"full\" ><div id=\"pgc-608-2-0\"  class=\"panel-grid-cell\" ><div id=\"panel-608-2-0-0\" class=\"so-panel widget widget_spacer-widget panel-first-child\" data-index=\"6\" ><div\n\t\t\t\n\t\t\tclass=\"so-widget-spacer-widget so-widget-spacer-widget-base\"\n\t\t\t\n\t\t>\n<div class=\"clearfix\" style=\"height:30px\"><\/div><\/div><\/div><div id=\"panel-608-2-0-1\" class=\"so-panel widget widget_media_video panel-last-child\" data-index=\"7\" ><div style=\"width:100%;\" class=\"wp-video\"><video class=\"wp-video-shortcode\" id=\"video-608-1\" preload=\"metadata\" controls=\"controls\"><source type=\"video\/youtube\" src=\"https:\/\/www.youtube.com\/watch?v=GkcTI9FJq8k&#038;_=1\" \/><a href=\"https:\/\/www.youtube.com\/watch?v=GkcTI9FJq8k\">https:\/\/www.youtube.com\/watch?v=GkcTI9FJq8k<\/a><\/video><\/div><\/div><\/div><\/div><\/div><div id=\"pg-608-3\"  class=\"panel-grid panel-no-style\" ><div id=\"pgc-608-3-0\"  class=\"panel-grid-cell\" ><div id=\"panel-608-3-0-0\" class=\"so-panel widget widget_spacer-widget panel-first-child\" data-index=\"8\" ><div\n\t\t\t\n\t\t\tclass=\"so-widget-spacer-widget so-widget-spacer-widget-base\"\n\t\t\t\n\t\t>\n<div class=\"clearfix\" style=\"height:30px\"><\/div><\/div><\/div><div id=\"panel-608-3-0-1\" class=\"so-panel widget widget_sow-editor panel-last-child\" data-index=\"9\" ><div\n\t\t\t\n\t\t\tclass=\"so-widget-sow-editor so-widget-sow-editor-base\"\n\t\t\t\n\t\t>\n<div class=\"siteorigin-widget-tinymce textwidget\">\n\t<p><span style=\"font-weight: 400;\">Le cycle d\u2019alimentation de nos collections avec de nouveaux objets ou \u0153uvres peut se d\u00e9crire en quelques \u00e9tapes :<\/span><\/p>\n<ul>\n<li style=\"font-weight: 400;\"><span style=\"font-weight: 400;\">R\u00e9ception de dons et r\u00e9partition dans nos collections (mat\u00e9riels, logiciels, documents, etc.),<\/span><\/li>\n<li style=\"font-weight: 400;\"><span style=\"font-weight: 400;\">Nettoyage, essai et r\u00e9paration au besoin des mat\u00e9riels,<\/span><\/li>\n<li style=\"font-weight: 400;\"><span style=\"font-weight: 400;\">Inventaire des nouvelles entr\u00e9es par les responsables des collections,<\/span><\/li>\n<li style=\"font-weight: 400;\"><span style=\"font-weight: 400;\">Int\u00e9gration dans le c\u0153ur de collection ou la collection d'\u00e9tude, et valorisation lors de nos nombreuses expositions et salons tout au long de l\u2019ann\u00e9e.<\/span><\/li>\n<\/ul>\n<p><span style=\"font-weight: 400;\">L\u2019association rev\u00eat \u00e9galement un r\u00f4le de conseil aupr\u00e8s des diff\u00e9rentes communaut\u00e9s de collectionneurs ou amateurs auxquelles elle est constamment reli\u00e9e, et aupr\u00e8s desquelles elle recueille \u00e9galement de l\u2019expertise dans des domaines tr\u00e8s pr\u00e9cis.<\/span><\/p>\n<\/div>\n<\/div><\/div><\/div><\/div><div id=\"pg-608-4\"  class=\"panel-grid panel-has-style\" ><div class=\"siteorigin-panels-stretch panel-row-style panel-row-style-for-608-4\" data-stretch-type=\"full-stretched\" ><div id=\"pgc-608-4-0\"  class=\"panel-grid-cell\" ><div id=\"panel-608-4-0-0\" class=\"so-panel widget widget_spacer-widget panel-first-child\" data-index=\"10\" ><div\n\t\t\t\n\t\t\tclass=\"so-widget-spacer-widget so-widget-spacer-widget-base\"\n\t\t\t\n\t\t>\n<div class=\"clearfix\" style=\"height:100px\"><\/div><\/div><\/div><div id=\"panel-608-4-0-1\" class=\"so-panel widget widget_rev-slider-widget widget_revslider panel-last-child\" data-index=\"11\" >\n\t\t\t<!-- START bottom_don REVOLUTION SLIDER 6.7.39 --><p class=\"rs-p-wp-fix\"><\/p>\n\t\t\t<rs-module-wrap id=\"rev_slider_38_1_wrapper\" data-source=\"gallery\" style=\"visibility:hidden;background:transparent;padding:0;margin:0px auto;margin-top:0;margin-bottom:0;\">\n\t\t\t\t<rs-module id=\"rev_slider_38_1\" style=\"\" data-version=\"6.7.39\">\n\t\t\t\t\t<rs-slides style=\"overflow: hidden; position: absolute;\">\n\t\t\t\t\t\t<rs-slide style=\"position: absolute;\" data-key=\"rs-88\" data-title=\"Slide\" data-in=\"o:0;y:100%;\">\n\t\t\t\t\t\t\t<img decoding=\"async\" src=\"\/\/mo5.com\/wp-content\/plugins\/revslider\/sr6\/assets\/assets\/dummy.png\" alt=\"Slide\" title=\"Pr\u00e9servation\" class=\"rev-slidebg tp-rs-img rs-lazyload\" data-lazyload=\"\/\/mo5.com\/wp-content\/plugins\/revslider\/sr6\/assets\/assets\/transparent.png\" data-bg=\"c:#4088cf;\" data-parallax=\"off\" data-no-retina>\n<!--\n\t\t\t\t\t\t\t--><rs-layer\n\t\t\t\t\t\t\t\tid=\"slider-38-slide-88-layer-1\" \n\t\t\t\t\t\t\t\tdata-type=\"text\"\n\t\t\t\t\t\t\t\tdata-rsp_ch=\"on\"\n\t\t\t\t\t\t\t\tdata-xy=\"x:c;yo:27px;\"\n\t\t\t\t\t\t\t\tdata-text=\"w:normal;s:48;l:40;a:center;\"\n\t\t\t\t\t\t\t\tdata-dim=\"w:633px;h:81px;\"\n\t\t\t\t\t\t\t\tdata-frame_0=\"tp:600;\"\n\t\t\t\t\t\t\t\tdata-frame_1=\"tp:600;st:0;\"\n\t\t\t\t\t\t\t\tdata-frame_999=\"o:0;tp:600;st:w;sR:8700;\"\n\t\t\t\t\t\t\t\tstyle=\"z-index:5;font-family:'Open Sans';\"\n\t\t\t\t\t\t\t>Vous souhaitez nous aider ? \n\t\t\t\t\t\t\t<\/rs-layer><!--\n\n\t\t\t\t\t\t\t--><rs-layer\n\t\t\t\t\t\t\t\tid=\"slider-38-slide-88-layer-2\" \n\t\t\t\t\t\t\t\tdata-type=\"text\"\n\t\t\t\t\t\t\t\tdata-rsp_ch=\"on\"\n\t\t\t\t\t\t\t\tdata-xy=\"x:c;yo:88px;\"\n\t\t\t\t\t\t\t\tdata-text=\"w:normal;s:42;l:48;fw:300;a:center;\"\n\t\t\t\t\t\t\t\tdata-dim=\"w:1200px;\"\n\t\t\t\t\t\t\t\tdata-frame_0=\"tp:600;\"\n\t\t\t\t\t\t\t\tdata-frame_1=\"tp:600;st:0;\"\n\t\t\t\t\t\t\t\tdata-frame_999=\"o:0;tp:600;st:w;sR:8700;\"\n\t\t\t\t\t\t\t\tstyle=\"z-index:6;font-family:'Open Sans';\"\n\t\t\t\t\t\t\t>Apportez votre contribution en faisant un don \n\t\t\t\t\t\t\t<\/rs-layer><!--\n\n\t\t\t\t\t\t\t--><rs-layer\n\t\t\t\t\t\t\t\tid=\"slider-38-slide-88-layer-3\" \n\t\t\t\t\t\t\t\tclass=\"rev-btn\"\n\t\t\t\t\t\t\t\tdata-type=\"button\"\n\t\t\t\t\t\t\t\tdata-color=\"rgba(255,255,255,1)\"\n\t\t\t\t\t\t\t\tdata-xy=\"x:c;yo:174px;\"\n\t\t\t\t\t\t\t\tdata-text=\"s:36;l:17;fw:500;a:inherit;\"\n\t\t\t\t\t\t\t\tdata-actions='o:click;a:simplelink;target:_self;url:https:\/\/mo5.com\/don\/;'\n\t\t\t\t\t\t\t\tdata-rsp_bd=\"off\"\n\t\t\t\t\t\t\t\tdata-padding=\"t:35;r:35;b:35;l:35;\"\n\t\t\t\t\t\t\t\tdata-frame_0=\"tp:600;\"\n\t\t\t\t\t\t\t\tdata-frame_1=\"tp:600;st:0;\"\n\t\t\t\t\t\t\t\tdata-frame_999=\"o:0;tp:600;st:w;sR:8700;\"\n\t\t\t\t\t\t\t\tdata-frame_hover=\"c:#000;bgc:#fff;boc:#000;bor:0px,0px,0px,0px;bos:solid;oX:50;oY:50;sp:0;e:none;\"\n\t\t\t\t\t\t\t\tstyle=\"z-index:7;background-color:rgba(255,58,45,0.75);font-family:'Roboto';cursor:pointer;outline:none;box-shadow:none;box-sizing:border-box;-moz-box-sizing:border-box;-webkit-box-sizing:border-box;\"\n\t\t\t\t\t\t\t>Je fais un don \n\t\t\t\t\t\t\t<\/rs-layer><!--\n-->\t\t\t\t\t<\/rs-slide>\n\t\t\t\t\t<\/rs-slides>\n\t\t\t\t<\/rs-module>\n\t\t\t\t<script>\n\t\t\t\t\tsetREVStartSize({c: 'rev_slider_38_1',rl:[1920,991,769,575],el:[],gw:[1400,1024,778,480],gh:[300,300,960,720],type:'hero',justify:'',layout:'fullwidth',mh:\"0\"});if (window.RS_MODULES!==undefined && window.RS_MODULES.modules!==undefined && window.RS_MODULES.modules[\"revslider381\"]!==undefined) {window.RS_MODULES.modules[\"revslider381\"].once = false;window.revapi38 = undefined;if (window.RS_MODULES.checkMinimal!==undefined) window.RS_MODULES.checkMinimal()}\n\t\t\t\t<\/script>\n\t\t\t<\/rs-module-wrap>\n\t\t\t<!-- END REVOLUTION SLIDER -->\n<\/div><\/div><\/div><\/div><\/div>","protected":false},"excerpt":{"rendered":"<p>The MO5.COM association has assembled one of Europe's largest collections of digital and videogame heritage. In a unique approach to researching, preserving and disseminating a constantly evolving heritage, MO5.COM has become a key player with excellent knowledge of the field. This unique collection includes computers, home consoles, arcade terminals, demonstration terminals, documentation, magazines, promotional items and, of course, a large number of software packages for each machine. This collection, estimated at around 60,000 items, is mainly earmarked for a major project: the creation of a national museum dedicated to digital heritage. The pieces in our core collection, which includes the rarest objects and those in the best state of preservation, are kept away from light, humidity and major temperature variations. The most common items, which we have in large numbers or which need to be repaired, make up our study collection, which feeds our exhibitions and can be consulted by students, researchers or journalists who wish to do so.<\/p>","protected":false},"author":4,"featured_media":0,"parent":0,"menu_order":0,"comment_status":"open","ping_status":"open","template":"","meta":{"_acf_changed":false,"give_campaign_id":0,"footnotes":""},"class_list":["post-608","page","type-page","status-publish","hentry"],"acf":[],"yoast_head":"<!-- This site is optimized with the Yoast SEO plugin v27.4 - https:\/\/yoast.com\/product\/yoast-seo-wordpress\/ -->\n<title>Pr\u00e9servation - MO5.COM<\/title>\n<meta name=\"robots\" content=\"index, follow, max-snippet:-1, max-image-preview:large, max-video-preview:-1\" \/>\n<link rel=\"canonical\" href=\"https:\/\/mo5.com\/en\/preserver\/\" \/>\n<meta property=\"og:locale\" content=\"en_GB\" \/>\n<meta property=\"og:type\" content=\"article\" \/>\n<meta property=\"og:title\" content=\"Pr\u00e9servation - MO5.COM\" \/>\n<meta property=\"og:description\" content=\"L\u2019association MO5.COM a r\u00e9uni une des plus importantes collections d\u2019Europe concernant le patrimoine num\u00e9rique et vid\u00e9oludique. Dans une d\u00e9marche unique de recherche, de pr\u00e9servation et de diffusion d\u2019un patrimoine en constante \u00e9volution, MO5.COM est devenu un acteur de r\u00e9f\u00e9rence qui poss\u00e8de une excellente connaissance du domaine. Cette collection unique en son genre comprend aussi bien des ordinateurs, des consoles de salon,\u00a0 des bornes d\u2019arcade, des bornes de d\u00e9monstration, que de la documentation, des magazines, des objets publicitaires et bien s\u00fbr un grand nombre de logiciels pour chaque machine.\u00a0Cette collection estim\u00e9e \u00e0 environ 60 000 pi\u00e8ces est majoritairement destin\u00e9e \u00e0 un grand projet, la cr\u00e9ation d\u2019un mus\u00e9e national d\u00e9di\u00e9 au patrimoine num\u00e9rique. Les pi\u00e8ces de notre c\u0153ur de collection, qui regroupe les objets les plus rares et qui sont dans le meilleur \u00e9tat de conservation, sont conserv\u00e9es \u00e0 l&#039;abri de la lumi\u00e8re, de l&#039;humidit\u00e9 et des variations importantes de temp\u00e9rature. Les pi\u00e8ces les plus communes, que nous poss\u00e9dons en de nombreux exemplaires, ou qui doivent faire l&#039;objet de r\u00e9paration, constituent notre collection d&#039;\u00e9tude, qui alimente nos expositions et peut \u00eatre consult\u00e9e par les \u00e9tudiants, les chercheurs ou les journalistes qui le souhaitent.\" \/>\n<meta property=\"og:url\" content=\"https:\/\/mo5.com\/en\/preserver\/\" \/>\n<meta property=\"og:site_name\" content=\"MO5.COM\" \/>\n<meta property=\"article:publisher\" content=\"https:\/\/www.facebook.com\/pages\/Association-MO5COM\/9540357570\" \/>\n<meta property=\"article:modified_time\" content=\"2019-01-15T19:02:07+00:00\" \/>\n<meta property=\"og:image\" content=\"https:\/\/mo5.com\/wp-content\/uploads\/2017\/07\/Logo-MO5.COM_-e1501416832888.png\" \/>\n\t<meta property=\"og:image:width\" content=\"549\" \/>\n\t<meta property=\"og:image:height\" content=\"100\" \/>\n\t<meta property=\"og:image:type\" content=\"image\/png\" \/>\n<meta name=\"twitter:card\" content=\"summary_large_image\" \/>\n<meta name=\"twitter:site\" content=\"@assomo5\" \/>\n<meta name=\"twitter:label1\" content=\"Estimated reading time\" \/>\n\t<meta name=\"twitter:data1\" content=\"2 minutes\" \/>\n<script type=\"application\/ld+json\" class=\"yoast-schema-graph\">{\"@context\":\"https:\\\/\\\/schema.org\",\"@graph\":[{\"@type\":\"WebPage\",\"@id\":\"https:\\\/\\\/mo5.com\\\/preserver\\\/\",\"url\":\"https:\\\/\\\/mo5.com\\\/preserver\\\/\",\"name\":\"Pr\u00e9servation - MO5.COM\",\"isPartOf\":{\"@id\":\"https:\\\/\\\/mo5.com\\\/#website\"},\"datePublished\":\"2013-07-18T20:29:27+00:00\",\"dateModified\":\"2019-01-15T19:02:07+00:00\",\"breadcrumb\":{\"@id\":\"https:\\\/\\\/mo5.com\\\/preserver\\\/#breadcrumb\"},\"inLanguage\":\"en-GB\",\"potentialAction\":[{\"@type\":\"ReadAction\",\"target\":[\"https:\\\/\\\/mo5.com\\\/preserver\\\/\"]}]},{\"@type\":\"BreadcrumbList\",\"@id\":\"https:\\\/\\\/mo5.com\\\/preserver\\\/#breadcrumb\",\"itemListElement\":[{\"@type\":\"ListItem\",\"position\":1,\"name\":\"Accueil\",\"item\":\"https:\\\/\\\/mo5.com\\\/\"},{\"@type\":\"ListItem\",\"position\":2,\"name\":\"Pr\u00e9servation\"}]},{\"@type\":\"WebSite\",\"@id\":\"https:\\\/\\\/mo5.com\\\/#website\",\"url\":\"https:\\\/\\\/mo5.com\\\/\",\"name\":\"MO5.COM\",\"description\":\"Pr\u00e9server, explorer, rejouer\",\"publisher\":{\"@id\":\"https:\\\/\\\/mo5.com\\\/#organization\"},\"potentialAction\":[{\"@type\":\"SearchAction\",\"target\":{\"@type\":\"EntryPoint\",\"urlTemplate\":\"https:\\\/\\\/mo5.com\\\/?s={search_term_string}\"},\"query-input\":{\"@type\":\"PropertyValueSpecification\",\"valueRequired\":true,\"valueName\":\"search_term_string\"}}],\"inLanguage\":\"en-GB\"},{\"@type\":\"Organization\",\"@id\":\"https:\\\/\\\/mo5.com\\\/#organization\",\"name\":\"Association MO5.COM\",\"url\":\"https:\\\/\\\/mo5.com\\\/\",\"logo\":{\"@type\":\"ImageObject\",\"inLanguage\":\"en-GB\",\"@id\":\"https:\\\/\\\/mo5.com\\\/#\\\/schema\\\/logo\\\/image\\\/\",\"url\":\"https:\\\/\\\/mo5.com\\\/wp-content\\\/uploads\\\/2023\\\/10\\\/Logo_MO5_A_Colo_Texte_Bleu-e1697059504554.png\",\"contentUrl\":\"https:\\\/\\\/mo5.com\\\/wp-content\\\/uploads\\\/2023\\\/10\\\/Logo_MO5_A_Colo_Texte_Bleu-e1697059504554.png\",\"width\":2094,\"height\":559,\"caption\":\"Association MO5.COM\"},\"image\":{\"@id\":\"https:\\\/\\\/mo5.com\\\/#\\\/schema\\\/logo\\\/image\\\/\"},\"sameAs\":[\"https:\\\/\\\/www.facebook.com\\\/pages\\\/Association-MO5COM\\\/9540357570\",\"https:\\\/\\\/x.com\\\/assomo5\",\"http:\\\/\\\/www.instagram.com\\\/assomo5\",\"https:\\\/\\\/www.youtube.com\\\/channel\\\/UCRncMsBo89C9u_8gpWnsOVw\\\/featured\",\"https:\\\/\\\/bsky.app\\\/profile\\\/assomo5.bsky.social\",\"https:\\\/\\\/twitch.tv\\\/mo5assoretro\"]}]}<\/script>\n<!-- \/ Yoast SEO plugin. -->","yoast_head_json":{"title":"Preservation - MO5.COM","robots":{"index":"index","follow":"follow","max-snippet":"max-snippet:-1","max-image-preview":"max-image-preview:large","max-video-preview":"max-video-preview:-1"},"canonical":"https:\/\/mo5.com\/en\/preserver\/","og_locale":"en_GB","og_type":"article","og_title":"Pr\u00e9servation - MO5.COM","og_description":"L\u2019association MO5.COM a r\u00e9uni une des plus importantes collections d\u2019Europe concernant le patrimoine num\u00e9rique et vid\u00e9oludique. Dans une d\u00e9marche unique de recherche, de pr\u00e9servation et de diffusion d\u2019un patrimoine en constante \u00e9volution, MO5.COM est devenu un acteur de r\u00e9f\u00e9rence qui poss\u00e8de une excellente connaissance du domaine. Cette collection unique en son genre comprend aussi bien des ordinateurs, des consoles de salon,\u00a0 des bornes d\u2019arcade, des bornes de d\u00e9monstration, que de la documentation, des magazines, des objets publicitaires et bien s\u00fbr un grand nombre de logiciels pour chaque machine.\u00a0Cette collection estim\u00e9e \u00e0 environ 60 000 pi\u00e8ces est majoritairement destin\u00e9e \u00e0 un grand projet, la cr\u00e9ation d\u2019un mus\u00e9e national d\u00e9di\u00e9 au patrimoine num\u00e9rique. Les pi\u00e8ces de notre c\u0153ur de collection, qui regroupe les objets les plus rares et qui sont dans le meilleur \u00e9tat de conservation, sont conserv\u00e9es \u00e0 l'abri de la lumi\u00e8re, de l'humidit\u00e9 et des variations importantes de temp\u00e9rature. Les pi\u00e8ces les plus communes, que nous poss\u00e9dons en de nombreux exemplaires, ou qui doivent faire l'objet de r\u00e9paration, constituent notre collection d'\u00e9tude, qui alimente nos expositions et peut \u00eatre consult\u00e9e par les \u00e9tudiants, les chercheurs ou les journalistes qui le souhaitent.","og_url":"https:\/\/mo5.com\/en\/preserver\/","og_site_name":"MO5.COM","article_publisher":"https:\/\/www.facebook.com\/pages\/Association-MO5COM\/9540357570","article_modified_time":"2019-01-15T19:02:07+00:00","og_image":[{"width":549,"height":100,"url":"https:\/\/mo5.com\/wp-content\/uploads\/2017\/07\/Logo-MO5.COM_-e1501416832888.png","type":"image\/png"}],"twitter_card":"summary_large_image","twitter_site":"@assomo5","twitter_misc":{"Estimated reading time":"2 minutes"},"schema":{"@context":"https:\/\/schema.org","@graph":[{"@type":"WebPage","@id":"https:\/\/mo5.com\/preserver\/","url":"https:\/\/mo5.com\/preserver\/","name":"Preservation - MO5.COM","isPartOf":{"@id":"https:\/\/mo5.com\/#website"},"datePublished":"2013-07-18T20:29:27+00:00","dateModified":"2019-01-15T19:02:07+00:00","breadcrumb":{"@id":"https:\/\/mo5.com\/preserver\/#breadcrumb"},"inLanguage":"en-GB","potentialAction":[{"@type":"ReadAction","target":["https:\/\/mo5.com\/preserver\/"]}]},{"@type":"BreadcrumbList","@id":"https:\/\/mo5.com\/preserver\/#breadcrumb","itemListElement":[{"@type":"ListItem","position":1,"name":"Accueil","item":"https:\/\/mo5.com\/"},{"@type":"ListItem","position":2,"name":"Pr\u00e9servation"}]},{"@type":"WebSite","@id":"https:\/\/mo5.com\/#website","url":"https:\/\/mo5.com\/","name":"MO5.COM","description":"Preserve, explore, replay","publisher":{"@id":"https:\/\/mo5.com\/#organization"},"potentialAction":[{"@type":"SearchAction","target":{"@type":"EntryPoint","urlTemplate":"https:\/\/mo5.com\/?s={search_term_string}"},"query-input":{"@type":"PropertyValueSpecification","valueRequired":true,"valueName":"search_term_string"}}],"inLanguage":"en-GB"},{"@type":"Organization","@id":"https:\/\/mo5.com\/#organization","name":"MO5.COM Association","url":"https:\/\/mo5.com\/","logo":{"@type":"ImageObject","inLanguage":"en-GB","@id":"https:\/\/mo5.com\/#\/schema\/logo\/image\/","url":"https:\/\/mo5.com\/wp-content\/uploads\/2023\/10\/Logo_MO5_A_Colo_Texte_Bleu-e1697059504554.png","contentUrl":"https:\/\/mo5.com\/wp-content\/uploads\/2023\/10\/Logo_MO5_A_Colo_Texte_Bleu-e1697059504554.png","width":2094,"height":559,"caption":"Association MO5.COM"},"image":{"@id":"https:\/\/mo5.com\/#\/schema\/logo\/image\/"},"sameAs":["https:\/\/www.facebook.com\/pages\/Association-MO5COM\/9540357570","https:\/\/x.com\/assomo5","http:\/\/www.instagram.com\/assomo5","https:\/\/www.youtube.com\/channel\/UCRncMsBo89C9u_8gpWnsOVw\/featured","https:\/\/bsky.app\/profile\/assomo5.bsky.social","https:\/\/twitch.tv\/mo5assoretro"]}]}},"campaignId":"","_links":{"self":[{"href":"https:\/\/mo5.com\/en\/wp-json\/wp\/v2\/pages\/608","targetHints":{"allow":["GET"]}}],"collection":[{"href":"https:\/\/mo5.com\/en\/wp-json\/wp\/v2\/pages"}],"about":[{"href":"https:\/\/mo5.com\/en\/wp-json\/wp\/v2\/types\/page"}],"author":[{"embeddable":true,"href":"https:\/\/mo5.com\/en\/wp-json\/wp\/v2\/users\/4"}],"replies":[{"embeddable":true,"href":"https:\/\/mo5.com\/en\/wp-json\/wp\/v2\/comments?post=608"}],"version-history":[{"count":0,"href":"https:\/\/mo5.com\/en\/wp-json\/wp\/v2\/pages\/608\/revisions"}],"wp:attachment":[{"href":"https:\/\/mo5.com\/en\/wp-json\/wp\/v2\/media?parent=608"}],"curies":[{"name":"wp","href":"https:\/\/api.w.org\/{rel}","templated":true}]}}