{"id":11080,"date":"2019-01-17T00:05:41","date_gmt":"2019-01-16T23:05:41","guid":{"rendered":"https:\/\/mo5.fr\/?page_id=11080"},"modified":"2024-01-16T14:40:23","modified_gmt":"2024-01-16T12:40:23","slug":"adhesion","status":"publish","type":"page","link":"https:\/\/mo5.com\/fr\/adhesion\/","title":{"rendered":"Devenir membre de MO5.COM"},"content":{"rendered":"<div id=\"pl-11080\"  class=\"panel-layout\" ><div id=\"pg-11080-0\"  class=\"panel-grid panel-no-style\" ><div id=\"pgc-11080-0-0\"  class=\"panel-grid-cell\" ><div id=\"panel-11080-0-0-0\" class=\"so-panel widget widget_sow-headline panel-first-child\" data-index=\"0\" ><div\n\t\t\t\n\t\t\tclass=\"so-widget-sow-headline so-widget-sow-headline-default-2d7770dd4466-11080\"\n\t\t\t\n\t\t><div class=\"sow-headline-container \">\n\t\t\t\t\t\t\t<h1 class=\"sow-headline\">\n\t\t\t\t\t\tDevenez membre de MO5.COM\t\t\t\t\t\t<\/h1>\n\t\t\t\t\t\t\t\t\t\t\t<div class=\"decoration\">\n\t\t\t\t\t\t<div class=\"decoration-inside\"><\/div>\n\t\t\t\t\t<\/div>\n\t\t\t\t\t<\/div>\n<\/div><\/div><div id=\"panel-11080-0-0-1\" class=\"so-panel widget widget_black-studio-tinymce widget_black_studio_tinymce widgetopts-SO\" data-index=\"1\" ><div class=\"textwidget\"><p>En devenant membre de l'association MO5.COM, vous marquez votre soutien \u00e0 notre d\u00e9marche de pr\u00e9servation et de partage du patrimoine vid\u00e9oludique, et vous pouvez participer \u00e0 toutes nos activit\u00e9s.<\/p>\n<p>Vous trouverez plus d'informations sur l'\u00e9quipe et les activit\u00e9s des membres<a href=\"https:\/\/mo5.com\/lequipe\/\"> \u00e0 cette adresse<\/a>.<\/p>\n<p>L'adh\u00e9sion \u00e0 l'association est valable pour tous les membres d'un m\u00eame foyer. Les personnes mineures d\u00e9sirant devenir membre doivent fournir une autorisation parentale.<\/p>\n<\/div><\/div><div id=\"panel-11080-0-0-2\" class=\"so-panel widget widget_hr-widget\" data-index=\"2\" ><div\n\t\t\t\n\t\t\tclass=\"so-widget-hr-widget so-widget-hr-widget-base\"\n\t\t\t\n\t\t>\n<hr class=\"fw\" style=\"height:1px; background:; margin-top:30px; margin-bottom:30px\"><\/div><\/div><div id=\"panel-11080-0-0-3\" class=\"so-panel widget widget_custom-grid-list-widget\" data-index=\"3\" ><div\n\t\t\t\n\t\t\tclass=\"so-widget-custom-grid-list-widget so-widget-custom-grid-list-widget-base\"\n\t\t\t\n\t\t>\t<!-- List Item -->\n\t<div class=\"list-item\">\n\t\t<div class=\"row\">\n\t\t\t<div class=\"col-md-4 col-sm-4\">\n                                                <img loading=\"lazy\" decoding=\"async\" src=\"https:\/\/mo5.com\/wp-content\/uploads\/2015\/07\/2000px-Tipeee_logo.svg_-1.png\" width=\"2100\" height=\"1575\" alt=\"Widget image\">\n            \t\t\t\t<\/div>\t\t\t<div class=\"col-md-8 col-sm-8\">\t\t\t\t\t<h3><a href=\"https:\/\/www.tipeee.com\/association-mo5-com\">Devenir membre avec Tipeee<\/a><\/h3>\n\t\t\t\t\t\t\t\t\t\t<p>Un don sup\u00e9rieur ou \u00e9gal \u00e0 3\u20ac par mois vous permet de devenir membre, et vous donne le droit en plus \u00e0 certaines contreparties : acc\u00e8s \u00e0 un ou plusieurs acc\u00e8s aux salons payants auxquels nous participons, r\u00e9paration de mat\u00e9riel, etc.<\/p>\t\t\t\t\t<a href=\"https:\/\/www.tipeee.com\/association-mo5-com\" class=\"btn btn-primary\">Je deviens membre avec Tipeee<\/a>\t\t\t\t<\/div>\n\t\t\t<\/div>\n\t\t<\/div>\n\t<\/div><\/div><div id=\"panel-11080-0-0-4\" class=\"so-panel widget widget_custom-grid-list-widget panel-last-child widgetopts-SO\" data-index=\"4\" ><div\n\t\t\t\n\t\t\tclass=\"so-widget-custom-grid-list-widget so-widget-custom-grid-list-widget-base\"\n\t\t\t\n\t\t>\t<!-- List Item -->\n\t<div class=\"list-item\">\n\t\t<div class=\"row\">\n\t\t\t<div class=\"col-md-4 col-sm-4\">\n                                    <a href=\"https:\/\/mo5.com\/wp-content\/uploads\/2015\/07\/paypal-784404_960_720-1.png\" data-rel=\"lightbox-image-cHJldHR5UGhvdG8=\" data-rl_title=\"\" data-rl_caption=\"\" class=\"media-box\" title=\"\">                                <img loading=\"lazy\" decoding=\"async\" src=\"https:\/\/mo5.com\/wp-content\/uploads\/2015\/07\/paypal-784404_960_720-1.png\" width=\"1000\" height=\"750\" alt=\"Widget image\">\n            <\/a>\t\t\t\t<\/div>\t\t\t<div class=\"col-md-8 col-sm-8\">\t\t\t\t\t<h3>Devenir membre avec une cotisation annuelle<\/h3>\n\t\t\t\t\t\t\t\t\t\t<p>Vous pouvez devenir membre de l'association en payant une cotisation annuelle de 15\u20ac, via Paypal ou par ch\u00e8que bancaire.\n\n\n<br \/><br \/>\n<a href=\"https:\/\/mo5.com\/donations\/formulaire-dadhesion\/\" class=\"btn btn-primary\" target=\"_blank\">\n  <button type=\"button\" style=\"background-color: #4088CF;border:none\">Acc\u00e9der au formulaire<\/button>\n<\/a>\n\n<\/p>\t\t\t\t\t\t\t\t\t<\/div>\n\t\t\t<\/div>\n\t\t<\/div>\n\t<\/div><\/div><\/div><div id=\"pgc-11080-0-1\"  class=\"panel-grid-cell\" ><div id=\"panel-11080-0-1-0\" class=\"so-panel widget widget_sow-headline panel-first-child\" data-index=\"5\" ><div\n\t\t\t\n\t\t\tclass=\"so-widget-sow-headline so-widget-sow-headline-default-e2369890fa29-11080\"\n\t\t\t\n\t\t><div class=\"sow-headline-container \">\n\t\t\t\t\t\t\t<h1 class=\"sow-headline\">\n\t\t\t\t\t\tQuestions\t\t\t\t\t\t<\/h1>\n\t\t\t\t\t\t<\/div>\n<\/div><\/div><div id=\"panel-11080-0-1-1\" class=\"so-panel widget widget_toggle-widget panel-last-child widgetopts-SO\" data-index=\"6\" ><div\n\t\t\t\n\t\t\tclass=\"so-widget-toggle-widget so-widget-toggle-widget-base\"\n\t\t\t\n\t\t><div class=\"accordion\" id=\"\">\n    \t                <div class=\"accordion-group panel accordion-panel\">\n                        <div class=\"accordion-heading accordionize\"> <a class=\"accordion-toggle active\" data-toggle=\"collapse\" data-parent=\"#\" href=\"#Area_0\">Pourquoi devenir membre ? <i class=\"fa fa-angle-down\"><\/i> <\/a> <\/div><div id=\"Area_0\" class=\"accordion-body collapse in\"><div class=\"accordion-inner\">Devenir membre de MO5.COM est un moyen de manifester votre soutien et votre int\u00e9r\u00eat pour notre d\u00e9marche de pr\u00e9servation et de partage du patrimoine informatique. Plus nous serons nombreux, plus nous serons l\u00e9gitimes \u00e0 demander des soutiens institutionnels pour faciliter la cr\u00e9ation d'un v\u00e9ritable mus\u00e9e national du jeu vid\u00e9o.\nEn devenant membre, vos rejoignez \u00e9galement une communaut\u00e9 de passionn\u00e9s d'Histoire de l'informatique et des jeux vid\u00e9o, et vous pouvez participer activement \u00e0 la concr\u00e9tisation de notre projet, en prenant part \u00e0 nos activit\u00e9s : gestion de nos collections, expositions, communication, contenus audiovisuels, etc.<\/div><\/div><\/div><div class=\"accordion-group panel accordion-panel\">\n                        <div class=\"accordion-heading accordionize\"> <a class=\"accordion-toggle \" data-toggle=\"collapse\" data-parent=\"#\" href=\"#Area_1\">Le si\u00e8ge de l'association est situ\u00e9 en Ile-de-France, et je vis en Province. Est-il vraiment utile que je devienne membre ?<i class=\"fa fa-angle-down\"><\/i> <\/a> <\/div><div id=\"Area_1\" class=\"accordion-body collapse \"><div class=\"accordion-inner\">Oui !\nLe simple fait de devenir membre est important pour l'association. \nDe plus, si vous souhaitez vous impliquer dans les activit\u00e9s de l'association malgr\u00e9 l'\u00e9loignement g\u00e9ographique, c'est possible : nous r\u00e9alisons r\u00e9guli\u00e8rement des expositions en province (voire \u00e0 l'\u00e9tranger), et plusieurs activit\u00e9s ne n\u00e9cessitent pas d'\u00eatre physiquement pr\u00e9sent dans notre local : d\u00e9veloppement web, graphisme, pr\u00e9paration des podcasts, etc.<\/div><\/div><\/div><div class=\"accordion-group panel accordion-panel\">\n                        <div class=\"accordion-heading accordionize\"> <a class=\"accordion-toggle \" data-toggle=\"collapse\" data-parent=\"#\" href=\"#Area_2\">Pourquoi un Tipeee ? <i class=\"fa fa-angle-down\"><\/i> <\/a> <\/div><div id=\"Area_2\" class=\"accordion-body collapse \"><div class=\"accordion-inner\">L'association doit r\u00e9pondre \u00e0 des besoins financiers r\u00e9currents : loyer, charges, achats de mat\u00e9riel pour le c\u0153ur de collection et les expositions, etc. La mise en place de dons sur Tipeee nous permet d'avoir des rentr\u00e9es d'argent r\u00e9guli\u00e8res et pr\u00e9visibles, ce qui nous permet de g\u00e9rer efficacement notre budget.<\/div><\/div><\/div><div class=\"accordion-group panel accordion-panel\">\n                        <div class=\"accordion-heading accordionize\"> <a class=\"accordion-toggle \" data-toggle=\"collapse\" data-parent=\"#\" href=\"#Area_3\">La transaction est-elle s\u00e9curis\u00e9e ?<i class=\"fa fa-angle-down\"><\/i> <\/a> <\/div><div id=\"Area_3\" class=\"accordion-body collapse \"><div class=\"accordion-inner\">Absolument. La s\u00e9curit\u00e9 et la confidentialit\u00e9 de vos informations est notre priorit\u00e9. Nous utilisons un certificat SSL pour prot\u00e9ger vos informations, et les dons via la plateforme PayPal sont s\u00e9curis\u00e9s. Nous ne vendrons, \u00e9changerons, ou partagerons vos informations personnelles avec personne, et nous n'enverrons aucun e-mail aux donateurs au nom d'autres organisations.  <\/div><\/div><\/div><\/div><\/div><\/div><\/div><\/div><\/div>","protected":false},"excerpt":{"rendered":"<p>En devenant membre de l&#8217;association MO5.COM, vous marquez votre soutien \u00e0 notre d\u00e9marche de pr\u00e9servation et de partage du patrimoine vid\u00e9oludique, et vous pouvez participer \u00e0 toutes nos activit\u00e9s. Vous trouverez plus d&#8217;informations sur l&#8217;\u00e9quipe et les activit\u00e9s des membres \u00e0 cette adresse. L&#8217;adh\u00e9sion \u00e0 l&#8217;association est valable pour tous les membres d&#8217;un m\u00eame foyer. Les personnes mineures d\u00e9sirant devenir membre doivent fournir une autorisation parentale.<\/p>\n","protected":false},"author":321,"featured_media":0,"parent":0,"menu_order":0,"comment_status":"closed","ping_status":"closed","template":"","meta":{"_acf_changed":false,"give_campaign_id":0,"footnotes":""},"class_list":["post-11080","page","type-page","status-publish","hentry"],"acf":[],"yoast_head":"<!-- This site is optimized with the Yoast SEO plugin v27.4 - https:\/\/yoast.com\/product\/yoast-seo-wordpress\/ -->\n<title>Devenir membre de MO5.COM - MO5.COM<\/title>\n<meta name=\"robots\" content=\"index, follow, max-snippet:-1, max-image-preview:large, max-video-preview:-1\" \/>\n<link rel=\"canonical\" href=\"https:\/\/mo5.com\/fr\/adhesion\/\" \/>\n<meta property=\"og:locale\" content=\"fr_FR\" \/>\n<meta property=\"og:type\" content=\"article\" \/>\n<meta property=\"og:title\" content=\"Devenir membre de MO5.COM - MO5.COM\" \/>\n<meta property=\"og:description\" content=\"En devenant membre de l&#039;association MO5.COM, vous marquez votre soutien \u00e0 notre d\u00e9marche de pr\u00e9servation et de partage du patrimoine vid\u00e9oludique, et vous pouvez participer \u00e0 toutes nos activit\u00e9s. Vous trouverez plus d&#039;informations sur l&#039;\u00e9quipe et les activit\u00e9s des membres \u00e0 cette adresse. L&#039;adh\u00e9sion \u00e0 l&#039;association est valable pour tous les membres d&#039;un m\u00eame foyer. Les personnes mineures d\u00e9sirant devenir membre doivent fournir une autorisation parentale.\" \/>\n<meta property=\"og:url\" content=\"https:\/\/mo5.com\/fr\/adhesion\/\" \/>\n<meta property=\"og:site_name\" content=\"MO5.COM\" \/>\n<meta property=\"article:publisher\" content=\"https:\/\/www.facebook.com\/pages\/Association-MO5COM\/9540357570\" \/>\n<meta property=\"article:modified_time\" content=\"2024-01-16T12:40:23+00:00\" \/>\n<meta property=\"og:image\" content=\"https:\/\/mo5.com\/wp-content\/uploads\/2017\/07\/Logo-MO5.COM_-e1501416832888.png\" \/>\n\t<meta property=\"og:image:width\" content=\"549\" \/>\n\t<meta property=\"og:image:height\" content=\"100\" \/>\n\t<meta property=\"og:image:type\" content=\"image\/png\" \/>\n<meta name=\"twitter:card\" content=\"summary_large_image\" \/>\n<meta name=\"twitter:site\" content=\"@assomo5\" \/>\n<meta name=\"twitter:label1\" content=\"Dur\u00e9e de lecture estim\u00e9e\" \/>\n\t<meta name=\"twitter:data1\" content=\"3 minutes\" \/>\n<script type=\"application\/ld+json\" class=\"yoast-schema-graph\">{\"@context\":\"https:\\\/\\\/schema.org\",\"@graph\":[{\"@type\":\"WebPage\",\"@id\":\"https:\\\/\\\/mo5.com\\\/adhesion\\\/\",\"url\":\"https:\\\/\\\/mo5.com\\\/adhesion\\\/\",\"name\":\"Devenir membre de MO5.COM - MO5.COM\",\"isPartOf\":{\"@id\":\"https:\\\/\\\/mo5.com\\\/#website\"},\"datePublished\":\"2019-01-16T23:05:41+00:00\",\"dateModified\":\"2024-01-16T12:40:23+00:00\",\"breadcrumb\":{\"@id\":\"https:\\\/\\\/mo5.com\\\/adhesion\\\/#breadcrumb\"},\"inLanguage\":\"fr-FR\",\"potentialAction\":[{\"@type\":\"ReadAction\",\"target\":[\"https:\\\/\\\/mo5.com\\\/adhesion\\\/\"]}]},{\"@type\":\"BreadcrumbList\",\"@id\":\"https:\\\/\\\/mo5.com\\\/adhesion\\\/#breadcrumb\",\"itemListElement\":[{\"@type\":\"ListItem\",\"position\":1,\"name\":\"Accueil\",\"item\":\"https:\\\/\\\/mo5.com\\\/\"},{\"@type\":\"ListItem\",\"position\":2,\"name\":\"Devenir membre de MO5.COM\"}]},{\"@type\":\"WebSite\",\"@id\":\"https:\\\/\\\/mo5.com\\\/#website\",\"url\":\"https:\\\/\\\/mo5.com\\\/\",\"name\":\"MO5.COM\",\"description\":\"Pr\u00e9server, explorer, rejouer\",\"publisher\":{\"@id\":\"https:\\\/\\\/mo5.com\\\/#organization\"},\"potentialAction\":[{\"@type\":\"SearchAction\",\"target\":{\"@type\":\"EntryPoint\",\"urlTemplate\":\"https:\\\/\\\/mo5.com\\\/?s={search_term_string}\"},\"query-input\":{\"@type\":\"PropertyValueSpecification\",\"valueRequired\":true,\"valueName\":\"search_term_string\"}}],\"inLanguage\":\"fr-FR\"},{\"@type\":\"Organization\",\"@id\":\"https:\\\/\\\/mo5.com\\\/#organization\",\"name\":\"Association MO5.COM\",\"url\":\"https:\\\/\\\/mo5.com\\\/\",\"logo\":{\"@type\":\"ImageObject\",\"inLanguage\":\"fr-FR\",\"@id\":\"https:\\\/\\\/mo5.com\\\/#\\\/schema\\\/logo\\\/image\\\/\",\"url\":\"https:\\\/\\\/mo5.com\\\/wp-content\\\/uploads\\\/2023\\\/10\\\/Logo_MO5_A_Colo_Texte_Bleu-e1697059504554.png\",\"contentUrl\":\"https:\\\/\\\/mo5.com\\\/wp-content\\\/uploads\\\/2023\\\/10\\\/Logo_MO5_A_Colo_Texte_Bleu-e1697059504554.png\",\"width\":2094,\"height\":559,\"caption\":\"Association MO5.COM\"},\"image\":{\"@id\":\"https:\\\/\\\/mo5.com\\\/#\\\/schema\\\/logo\\\/image\\\/\"},\"sameAs\":[\"https:\\\/\\\/www.facebook.com\\\/pages\\\/Association-MO5COM\\\/9540357570\",\"https:\\\/\\\/x.com\\\/assomo5\",\"http:\\\/\\\/www.instagram.com\\\/assomo5\",\"https:\\\/\\\/www.youtube.com\\\/channel\\\/UCRncMsBo89C9u_8gpWnsOVw\\\/featured\",\"https:\\\/\\\/bsky.app\\\/profile\\\/assomo5.bsky.social\",\"https:\\\/\\\/twitch.tv\\\/mo5assoretro\"]}]}<\/script>\n<!-- \/ Yoast SEO plugin. -->","yoast_head_json":{"title":"Devenir membre de MO5.COM - MO5.COM","robots":{"index":"index","follow":"follow","max-snippet":"max-snippet:-1","max-image-preview":"max-image-preview:large","max-video-preview":"max-video-preview:-1"},"canonical":"https:\/\/mo5.com\/fr\/adhesion\/","og_locale":"fr_FR","og_type":"article","og_title":"Devenir membre de MO5.COM - MO5.COM","og_description":"En devenant membre de l'association MO5.COM, vous marquez votre soutien \u00e0 notre d\u00e9marche de pr\u00e9servation et de partage du patrimoine vid\u00e9oludique, et vous pouvez participer \u00e0 toutes nos activit\u00e9s. Vous trouverez plus d'informations sur l'\u00e9quipe et les activit\u00e9s des membres \u00e0 cette adresse. L'adh\u00e9sion \u00e0 l'association est valable pour tous les membres d'un m\u00eame foyer. Les personnes mineures d\u00e9sirant devenir membre doivent fournir une autorisation parentale.","og_url":"https:\/\/mo5.com\/fr\/adhesion\/","og_site_name":"MO5.COM","article_publisher":"https:\/\/www.facebook.com\/pages\/Association-MO5COM\/9540357570","article_modified_time":"2024-01-16T12:40:23+00:00","og_image":[{"width":549,"height":100,"url":"https:\/\/mo5.com\/wp-content\/uploads\/2017\/07\/Logo-MO5.COM_-e1501416832888.png","type":"image\/png"}],"twitter_card":"summary_large_image","twitter_site":"@assomo5","twitter_misc":{"Dur\u00e9e de lecture estim\u00e9e":"3 minutes"},"schema":{"@context":"https:\/\/schema.org","@graph":[{"@type":"WebPage","@id":"https:\/\/mo5.com\/adhesion\/","url":"https:\/\/mo5.com\/adhesion\/","name":"Devenir membre de MO5.COM - MO5.COM","isPartOf":{"@id":"https:\/\/mo5.com\/#website"},"datePublished":"2019-01-16T23:05:41+00:00","dateModified":"2024-01-16T12:40:23+00:00","breadcrumb":{"@id":"https:\/\/mo5.com\/adhesion\/#breadcrumb"},"inLanguage":"fr-FR","potentialAction":[{"@type":"ReadAction","target":["https:\/\/mo5.com\/adhesion\/"]}]},{"@type":"BreadcrumbList","@id":"https:\/\/mo5.com\/adhesion\/#breadcrumb","itemListElement":[{"@type":"ListItem","position":1,"name":"Accueil","item":"https:\/\/mo5.com\/"},{"@type":"ListItem","position":2,"name":"Devenir membre de MO5.COM"}]},{"@type":"WebSite","@id":"https:\/\/mo5.com\/#website","url":"https:\/\/mo5.com\/","name":"MO5.COM","description":"Pr\u00e9server, explorer, rejouer","publisher":{"@id":"https:\/\/mo5.com\/#organization"},"potentialAction":[{"@type":"SearchAction","target":{"@type":"EntryPoint","urlTemplate":"https:\/\/mo5.com\/?s={search_term_string}"},"query-input":{"@type":"PropertyValueSpecification","valueRequired":true,"valueName":"search_term_string"}}],"inLanguage":"fr-FR"},{"@type":"Organization","@id":"https:\/\/mo5.com\/#organization","name":"Association MO5.COM","url":"https:\/\/mo5.com\/","logo":{"@type":"ImageObject","inLanguage":"fr-FR","@id":"https:\/\/mo5.com\/#\/schema\/logo\/image\/","url":"https:\/\/mo5.com\/wp-content\/uploads\/2023\/10\/Logo_MO5_A_Colo_Texte_Bleu-e1697059504554.png","contentUrl":"https:\/\/mo5.com\/wp-content\/uploads\/2023\/10\/Logo_MO5_A_Colo_Texte_Bleu-e1697059504554.png","width":2094,"height":559,"caption":"Association MO5.COM"},"image":{"@id":"https:\/\/mo5.com\/#\/schema\/logo\/image\/"},"sameAs":["https:\/\/www.facebook.com\/pages\/Association-MO5COM\/9540357570","https:\/\/x.com\/assomo5","http:\/\/www.instagram.com\/assomo5","https:\/\/www.youtube.com\/channel\/UCRncMsBo89C9u_8gpWnsOVw\/featured","https:\/\/bsky.app\/profile\/assomo5.bsky.social","https:\/\/twitch.tv\/mo5assoretro"]}]}},"campaignId":"","_links":{"self":[{"href":"https:\/\/mo5.com\/fr\/wp-json\/wp\/v2\/pages\/11080","targetHints":{"allow":["GET"]}}],"collection":[{"href":"https:\/\/mo5.com\/fr\/wp-json\/wp\/v2\/pages"}],"about":[{"href":"https:\/\/mo5.com\/fr\/wp-json\/wp\/v2\/types\/page"}],"author":[{"embeddable":true,"href":"https:\/\/mo5.com\/fr\/wp-json\/wp\/v2\/users\/321"}],"replies":[{"embeddable":true,"href":"https:\/\/mo5.com\/fr\/wp-json\/wp\/v2\/comments?post=11080"}],"version-history":[{"count":0,"href":"https:\/\/mo5.com\/fr\/wp-json\/wp\/v2\/pages\/11080\/revisions"}],"wp:attachment":[{"href":"https:\/\/mo5.com\/fr\/wp-json\/wp\/v2\/media?parent=11080"}],"curies":[{"name":"wp","href":"https:\/\/api.w.org\/{rel}","templated":true}]}}