{"id":16855,"date":"2019-02-07T13:51:11","date_gmt":"2019-02-07T12:51:11","guid":{"rendered":"https:\/\/mo5.fr\/?page_id=16855"},"modified":"2024-08-06T19:11:55","modified_gmt":"2024-08-06T17:11:55","slug":"galerie-videos","status":"publish","type":"page","link":"https:\/\/mo5.com\/fr\/galerie-videos\/","title":{"rendered":"Galerie vid\u00e9os"},"content":{"rendered":"<div id=\"pl-16855\"  class=\"panel-layout\" ><div id=\"pg-16855-0\"  class=\"panel-grid panel-no-style\" ><div id=\"pgc-16855-0-0\"  class=\"panel-grid-cell\" ><div id=\"panel-16855-0-0-0\" class=\"so-panel widget widget_sow-headline panel-first-child\" data-index=\"0\" ><div\n\t\t\t\n\t\t\tclass=\"so-widget-sow-headline so-widget-sow-headline-default-43a06b4a026f-16855\"\n\t\t\t\n\t\t><div class=\"sow-headline-container \">\n\t\t\t\t\t\t\t<h1 class=\"sow-headline\">\n\t\t\t\t\t\tVid\u00e9os\t\t\t\t\t\t<\/h1>\n\t\t\t\t\t\t\t\t\t\t\t<div class=\"decoration\">\n\t\t\t\t\t\t<div class=\"decoration-inside\"><\/div>\n\t\t\t\t\t<\/div>\n\t\t\t\t\t<\/div>\n<\/div><\/div><div id=\"panel-16855-0-0-1\" class=\"so-panel widget widget_siteorigin-panels-builder widgetopts-SO\" data-index=\"1\" ><div id=\"pl-w66b2595b761a9\"  class=\"panel-layout\" ><div id=\"pg-w66b2595b761a9-0\"  class=\"panel-grid panel-no-style\" ><div id=\"pgc-w66b2595b761a9-0-0\"  class=\"panel-grid-cell\" ><div id=\"panel-w66b2595b761a9-0-0-0\" class=\"so-panel widget widget_black-studio-tinymce widget_black_studio_tinymce panel-first-child panel-last-child widgetopts-SO\" data-index=\"0\" ><h3 class=\"widget-title\">Reportage de gTV France sur l&#8217;association<\/h3><div class=\"textwidget\"><p><div class=\"su-youtube su-u-responsive-media-yes\"><iframe loading=\"lazy\" width=\"600\" height=\"400\" src=\"https:\/\/www.youtube.com\/embed\/7n3zrGjQr14?\" frameborder=\"0\" allowfullscreen allow=\"autoplay; encrypted-media; picture-in-picture\" title=\"\"><\/iframe><\/div><\/p>\n<p>Reportage de <a href=\"https:\/\/www.youtube.com\/channel\/UC82cbWHWOYDvEWhPSS5gRxw\/featured\">gTV France<\/a> sur l'association<\/p>\n<\/div><\/div><\/div><div id=\"pgc-w66b2595b761a9-0-1\"  class=\"panel-grid-cell\" ><div id=\"panel-w66b2595b761a9-0-1-0\" class=\"so-panel widget widget_black-studio-tinymce widget_black_studio_tinymce panel-first-child panel-last-child widgetopts-SO\" data-index=\"1\" ><h3 class=\"widget-title\">MO5.com, l&#8217;association qui pr\u00e9serve l&#8217;histoire du jeu vid\u00e9o<\/h3><div class=\"textwidget\"><p><div class=\"su-youtube su-u-responsive-media-yes\"><iframe loading=\"lazy\" width=\"600\" height=\"400\" src=\"https:\/\/www.youtube.com\/embed\/67bqufaOxus?\" frameborder=\"0\" allowfullscreen allow=\"autoplay; encrypted-media; picture-in-picture\" title=\"\"><\/iframe><\/div><\/p>\n<p>Reportage de <a href=\"https:\/\/www.bfmtv.com\/tech\/gaming\/mo5-com-l-association-qui-preserve-l-histoire-du-jeu-video_VN-202311050133.html\">BFM TV<\/a> sur l'association<\/p>\n<div id=\"gtx-trans\" style=\"position: absolute; left: -59px; top: -8.8px;\">\n<div class=\"gtx-trans-icon\"><\/div>\n<\/div>\n<\/div><\/div><\/div><div id=\"pgc-w66b2595b761a9-0-2\"  class=\"panel-grid-cell\" ><div id=\"panel-w66b2595b761a9-0-2-0\" class=\"so-panel widget widget_black-studio-tinymce widget_black_studio_tinymce panel-first-child panel-last-child widgetopts-SO\" data-index=\"2\" ><h3 class=\"widget-title\">Quel futur pour la pr\u00e9servation du patrimoine vid\u00e9oludique ?<\/h3><div class=\"textwidget\"><p><div class=\"su-youtube su-u-responsive-media-yes\"><iframe loading=\"lazy\" width=\"600\" height=\"400\" src=\"https:\/\/www.youtube.com\/embed\/mNG4y9vcltU?\" frameborder=\"0\" allowfullscreen allow=\"autoplay; encrypted-media; picture-in-picture\" title=\"\"><\/iframe><\/div><\/p>\n<p>Interview de l'<a href=\"https:\/\/afjv.com\/news\/10611_quel-futur-pour-la-preservation-du-patrimoine-videoludique.htm\">AFJV<\/a><\/p>\n<div id=\"gtx-trans\" style=\"position: absolute; left: 98px; top: 77.8px;\">\n<div class=\"gtx-trans-icon\"><\/div>\n<\/div>\n<\/div><\/div><\/div><\/div><\/div><\/div><div id=\"panel-16855-0-0-2\" class=\"so-panel widget widget_siteorigin-panels-builder widgetopts-SO\" data-index=\"2\" ><div id=\"pl-w5e528f058ffb7\"  class=\"panel-layout\" ><div id=\"pg-w5e528f058ffb7-0\"  class=\"panel-grid panel-no-style\" ><div id=\"pgc-w5e528f058ffb7-0-0\"  class=\"panel-grid-cell\" ><div id=\"panel-w5e528f058ffb7-0-0-0\" class=\"so-panel widget widget_black-studio-tinymce widget_black_studio_tinymce panel-first-child panel-last-child widgetopts-SO\" data-index=\"0\" ><h3 class=\"widget-title\">Paris Games Week 2019 : Reportage de Gamekult<\/h3><div class=\"textwidget\"><p><div class=\"su-dailymotion su-u-responsive-media-yes\"><iframe loading=\"lazy\" width=\"600\" height=\"400\" src=\"\/\/www.dailymotion.com\/embed\/video\/x7naf85?autoplay=0&amp;background=4088cf&amp;foreground=F7FFFD&amp;highlight=171D1B&amp;logo=1&amp;quality=720&amp;info=1&amp;queue-enable=false\" frameborder=\"0\" allowfullscreen=\"true\" title=\"PlayStation vs Saturn : collision de deux vieilles rivales sur le Stand MO5 du PGW\"><\/iframe><\/div><\/p>\n<p>Reportage de <a href=\"http:\/\/www.gamekult.com\">Gamekult<\/a> sur notre stand lors de la Paris Games Week 2019.<\/p>\n<\/div><\/div><\/div><div id=\"pgc-w5e528f058ffb7-0-1\"  class=\"panel-grid-cell\" ><div id=\"panel-w5e528f058ffb7-0-1-0\" class=\"so-panel widget widget_black-studio-tinymce widget_black_studio_tinymce panel-first-child panel-last-child widgetopts-SO\" data-index=\"1\" ><h3 class=\"widget-title\">Paris Games Week 2019 : Reportage de France Info<\/h3><div class=\"textwidget\"><p><div class=\"su-dailymotion su-u-responsive-media-yes\"><iframe loading=\"lazy\" width=\"600\" height=\"400\" src=\"\/\/www.dailymotion.com\/embed\/video\/x7nh25i?autoplay=0&amp;background=4088cf&amp;foreground=F7FFFD&amp;highlight=171D1B&amp;logo=1&amp;quality=720&amp;info=1&amp;queue-enable=false\" frameborder=\"0\" allowfullscreen=\"true\" title=\"Jeux vid\u00e9o : les parents aux manettes\"><\/iframe><\/div><\/p>\n<p>Reportage de France Info TV sur le r\u00e9trogaming \u00e0 la Paris Games Week 2019 avec MO5.COM<\/p>\n<\/div><\/div><\/div><div id=\"pgc-w5e528f058ffb7-0-2\"  class=\"panel-grid-cell\" ><div id=\"panel-w5e528f058ffb7-0-2-0\" class=\"so-panel widget widget_black-studio-tinymce widget_black_studio_tinymce panel-first-child panel-last-child widgetopts-SO\" data-index=\"2\" ><h3 class=\"widget-title\">Paris Games Week 2018 : Reportage de France 2<\/h3><div class=\"textwidget\"><p><div class=\"su-dailymotion su-u-responsive-media-yes\"><iframe loading=\"lazy\" width=\"600\" height=\"400\" src=\"\/\/www.dailymotion.com\/embed\/video\/x6wbgjk?autoplay=0&amp;background=4088cf&amp;foreground=F7FFFD&amp;highlight=171D1B&amp;logo=1&amp;quality=720&amp;info=1&amp;queue-enable=false\" frameborder=\"0\" allowfullscreen=\"true\" title=\"Jeux vid\u00e9o : 40 ans, toujours aux manettes\"><\/iframe><\/div><\/p>\n<p>28 Octobre 2018<br \/>\n\"Jeux Vid\u00e9o : 40 ans, toujours aux manettes\" : reportage sur le stand de l'association dans le 13h de France 2.<\/p>\n<\/div><\/div><\/div><\/div><\/div><\/div><div id=\"panel-16855-0-0-3\" class=\"so-panel widget widget_siteorigin-panels-builder widgetopts-SO\" data-index=\"3\" ><div id=\"pl-w5dc47e251cb84\"  class=\"panel-layout\" ><div id=\"pg-w5dc47e251cb84-0\"  class=\"panel-grid panel-no-style\" ><div id=\"pgc-w5dc47e251cb84-0-0\"  class=\"panel-grid-cell\" ><div id=\"panel-w5dc47e251cb84-0-0-0\" class=\"so-panel widget widget_black-studio-tinymce widget_black_studio_tinymce panel-first-child panel-last-child\" data-index=\"0\" ><h3 class=\"widget-title\">Paris Games Week 2016 : reportage du S.E.L.L.<\/h3><div class=\"textwidget\"><p><div class=\"su-youtube su-u-responsive-media-yes\"><iframe loading=\"lazy\" width=\"600\" height=\"400\" src=\"https:\/\/www.youtube.com\/embed\/vNW_tGKwZWE?autohide=2&amp;autoplay=0&amp;mute=0&amp;controls=1&amp;fs=1&amp;loop=0&amp;modestbranding=0&amp;rel=0&amp;showinfo=1&amp;theme=dark&amp;wmode=&amp;playsinline=0\" frameborder=\"0\" allowfullscreen allow=\"autoplay; encrypted-media; picture-in-picture\" title=\"\"><\/iframe><\/div><\/p>\n<p>Vid\u00e9o officielle du S.E.L.L. sur le stand r\u00e9trogaming de la Paris Games Week, avec MO5.COM et Coin-Op Legacy.<\/p>\n<\/div><\/div><\/div><div id=\"pgc-w5dc47e251cb84-0-1\"  class=\"panel-grid-cell\" ><div id=\"panel-w5dc47e251cb84-0-1-0\" class=\"so-panel widget widget_black-studio-tinymce widget_black_studio_tinymce panel-first-child panel-last-child\" data-index=\"1\" ><h3 class=\"widget-title\">Paris Games Week 2016 : reportage de RTL<\/h3><div class=\"textwidget\"><p><div class=\"su-youtube su-u-responsive-media-yes\"><iframe loading=\"lazy\" width=\"600\" height=\"400\" src=\"https:\/\/www.youtube.com\/embed\/HIRBlprS_CA?autohide=2&amp;autoplay=0&amp;mute=0&amp;controls=1&amp;fs=1&amp;loop=0&amp;modestbranding=0&amp;rel=0&amp;showinfo=1&amp;theme=dark&amp;wmode=&amp;playsinline=0\" frameborder=\"0\" allowfullscreen allow=\"autoplay; encrypted-media; picture-in-picture\" title=\"\"><\/iframe><\/div><\/p>\n<p>Reportage de RTL sur le r\u00e9trogaming \u00e0 la Paris Games Week 2016 avec MO5.COM<\/p>\n<\/div><\/div><\/div><div id=\"pgc-w5dc47e251cb84-0-2\"  class=\"panel-grid-cell\" ><div id=\"panel-w5dc47e251cb84-0-2-0\" class=\"so-panel widget widget_black-studio-tinymce widget_black_studio_tinymce panel-first-child panel-last-child\" data-index=\"2\" ><h3 class=\"widget-title\">PGW2016 : Interview de Philippe Dubois par l&#8217;AFJV<\/h3><div class=\"textwidget\"><p><div class=\"su-youtube su-u-responsive-media-yes\"><iframe loading=\"lazy\" width=\"600\" height=\"400\" src=\"https:\/\/www.youtube.com\/embed\/WEF88hDzqEM?autohide=2&amp;autoplay=0&amp;mute=0&amp;controls=1&amp;fs=1&amp;loop=0&amp;modestbranding=0&amp;rel=0&amp;showinfo=1&amp;theme=dark&amp;wmode=&amp;playsinline=0\" frameborder=\"0\" allowfullscreen allow=\"autoplay; encrypted-media; picture-in-picture\" title=\"\"><\/iframe><\/div><\/p>\n<p>L'Association Fran\u00e7aise du Jeu Vid\u00e9o (AFJV) interroge Philippe Dubois sur l'action de l'association MO5.COM.<\/p>\n<\/div><\/div><\/div><\/div><\/div><\/div><div id=\"panel-16855-0-0-4\" class=\"so-panel widget widget_siteorigin-panels-builder widgetopts-SO\" data-index=\"4\" ><div id=\"pl-w5cbc3f7f542ba\"  class=\"panel-layout\" ><div id=\"pg-w5cbc3f7f542ba-0\"  class=\"panel-grid panel-no-style\" ><div id=\"pgc-w5cbc3f7f542ba-0-0\"  class=\"panel-grid-cell\" ><div id=\"panel-w5cbc3f7f542ba-0-0-0\" class=\"so-panel widget widget_black-studio-tinymce widget_black_studio_tinymce panel-first-child panel-last-child\" data-index=\"0\" ><h3 class=\"widget-title\">Visites Priv\u00e9es (France 2) : Reportage sur notre collection<\/h3><div class=\"textwidget\"><p><div class=\"su-youtube su-u-responsive-media-yes\"><iframe loading=\"lazy\" width=\"600\" height=\"400\" src=\"https:\/\/www.youtube.com\/embed\/FniBlS7zpIc?autohide=2&amp;autoplay=0&amp;mute=0&amp;controls=1&amp;fs=1&amp;loop=0&amp;modestbranding=0&amp;rel=0&amp;showinfo=1&amp;theme=dark&amp;wmode=&amp;playsinline=0\" frameborder=\"0\" allowfullscreen allow=\"autoplay; encrypted-media; picture-in-picture\" title=\"\"><\/iframe><\/div><\/p>\n<p>12 Octobre 2016<br \/>\n\"Comment les jeux vid\u00e9o sont entr\u00e9s dans le patrimoine en 40 ans ?\"<br \/>\nReportage de l'\u00e9mission Visites Priv\u00e9es de France 2 sur notre association, dans nos locaux.<\/p>\n<\/div><\/div><\/div><div id=\"pgc-w5cbc3f7f542ba-0-1\"  class=\"panel-grid-cell\" ><div id=\"panel-w5cbc3f7f542ba-0-1-0\" class=\"so-panel widget widget_black-studio-tinymce widget_black_studio_tinymce panel-first-child panel-last-child widgetopts-SO\" data-index=\"1\" ><h3 class=\"widget-title\">Philippe Dubois, Pr\u00e9sident de l&#8217;association MO5 &#8211; BiTS &#8211; Bonus &#8211; ARTE<\/h3><div class=\"textwidget\"><p><div class=\"su-youtube su-u-responsive-media-yes\"><iframe loading=\"lazy\" width=\"600\" height=\"400\" src=\"https:\/\/www.youtube.com\/embed\/SaWq2tRHGVQ?autohide=2&amp;autoplay=0&amp;mute=0&amp;controls=1&amp;fs=1&amp;loop=0&amp;modestbranding=0&amp;rel=0&amp;showinfo=1&amp;theme=dark&amp;wmode=&amp;playsinline=0\" frameborder=\"0\" allowfullscreen allow=\"autoplay; encrypted-media; picture-in-picture\" title=\"\"><\/iframe><\/div><\/p>\n<p>12 Novembre 2013<br \/>\nPhilippe Dubois, pr\u00e9sident de l'association MO5.COM revient sur l'importance de cr\u00e9er des structures pour pr\u00e9server le patrimoine vid\u00e9oludique.<\/p>\n<\/div><\/div><\/div><div id=\"pgc-w5cbc3f7f542ba-0-2\"  class=\"panel-grid-cell\" ><div id=\"panel-w5cbc3f7f542ba-0-2-0\" class=\"so-panel widget widget_black-studio-tinymce widget_black_studio_tinymce panel-first-child panel-last-child widgetopts-SO\" data-index=\"2\" ><h3 class=\"widget-title\">AFJV : Rencontre avec Douglas Alves<\/h3><div class=\"textwidget\"><p><div class=\"su-youtube su-u-responsive-media-yes\"><iframe loading=\"lazy\" width=\"600\" height=\"400\" src=\"https:\/\/www.youtube.com\/embed\/dSFLNFtmbCw?autohide=2&amp;autoplay=0&amp;mute=0&amp;controls=1&amp;fs=1&amp;loop=0&amp;modestbranding=0&amp;rel=0&amp;showinfo=1&amp;theme=dark&amp;wmode=&amp;playsinline=0\" frameborder=\"0\" allowfullscreen allow=\"autoplay; encrypted-media; picture-in-picture\" title=\"\"><\/iframe><\/div><\/p>\n<p>05 Novembre 2016<br \/>\nInterview de Douglas Alv\u00e8s, conseiller technique et historique de l'association de pr\u00e9servation du patrimoine vid\u00e9oludique MO5.COM.<\/p>\n<\/div><\/div><\/div><\/div><\/div><\/div><div id=\"panel-16855-0-0-5\" class=\"so-panel widget widget_black-studio-tinymce widget_black_studio_tinymce panel-last-child widgetopts-SO\" data-index=\"5\" ><h3 class=\"widget-title\">Autres liens <\/h3><div class=\"textwidget\"><ul>\n<li>Reportage de Vice Motherboard sur l'association (2017) : <a href=\"https:\/\/www.facebook.com\/watch\/?v=1532142303542931\">https:\/\/www.facebook.com\/watch\/?v=1532142303542931<\/a><\/li>\n<li>Reportage du site Gameblog sur la Paris Games Week 2014 :<a href=\"http:\/\/www.gameblog.fr\/news\/46718-decouvrez-la-paris-games-week-junior-et-mo5-en-video\"> http:\/\/www.gameblog.fr\/news\/46718-decouvrez-la-paris-games-week-junior-et-mo5-en-video<\/a><\/li>\n<li>Interview de David Soumet, vice-pr\u00e9sident de l'association : <a href=\"https:\/\/www.youtube.com\/watch?v=sSg1i6532Ww\">https:\/\/www.youtube.com\/watch?v=sSg1i6532Ww<\/a><\/li>\n<li>Lumni : #Retrogaming : des jeux vintage qui valent de l'or : <a href=\"https:\/\/www.lumni.fr\/video\/retrogaming-des-jeux-vintage-qui-valent-de-lor#\">https:\/\/www.lumni.fr\/video\/retrogaming-des-jeux-vintage-qui-valent-de-lor#<\/a><\/li>\n<\/ul>\n<\/div><\/div><\/div><\/div><\/div>","protected":false},"excerpt":{"rendered":"<p>Reportage de Vice Motherboard sur l&#8217;association (2017) : https:\/\/www.facebook.com\/watch\/?v=1532142303542931 Reportage du site Gameblog sur la Paris Games Week 2014 : http:\/\/www.gameblog.fr\/news\/46718-decouvrez-la-paris-games-week-junior-et-mo5-en-video Interview de David Soumet, vice-pr\u00e9sident de l&#8217;association : https:\/\/www.youtube.com\/watch?v=sSg1i6532Ww Lumni : #Retrogaming : des jeux vintage qui valent de l&#8217;or : https:\/\/www.lumni.fr\/video\/retrogaming-des-jeux-vintage-qui-valent-de-lor#<\/p>\n","protected":false},"author":321,"featured_media":0,"parent":0,"menu_order":0,"comment_status":"closed","ping_status":"closed","template":"","meta":{"_acf_changed":false,"give_campaign_id":0,"footnotes":""},"class_list":["post-16855","page","type-page","status-publish","hentry"],"acf":[],"yoast_head":"<!-- This site is optimized with the Yoast SEO plugin v27.4 - https:\/\/yoast.com\/product\/yoast-seo-wordpress\/ -->\n<title>Galerie vid\u00e9os - MO5.COM<\/title>\n<meta name=\"robots\" content=\"index, follow, max-snippet:-1, max-image-preview:large, max-video-preview:-1\" \/>\n<link rel=\"canonical\" href=\"https:\/\/mo5.com\/fr\/galerie-videos\/\" \/>\n<meta property=\"og:locale\" content=\"fr_FR\" \/>\n<meta property=\"og:type\" content=\"article\" \/>\n<meta property=\"og:title\" content=\"Galerie vid\u00e9os - MO5.COM\" \/>\n<meta property=\"og:description\" content=\"Reportage de Vice Motherboard sur l&#039;association (2017) : https:\/\/www.facebook.com\/watch\/?v=1532142303542931 Reportage du site Gameblog sur la Paris Games Week 2014 : http:\/\/www.gameblog.fr\/news\/46718-decouvrez-la-paris-games-week-junior-et-mo5-en-video Interview de David Soumet, vice-pr\u00e9sident de l&#039;association : https:\/\/www.youtube.com\/watch?v=sSg1i6532Ww Lumni : #Retrogaming : des jeux vintage qui valent de l&#039;or : https:\/\/www.lumni.fr\/video\/retrogaming-des-jeux-vintage-qui-valent-de-lor#\" \/>\n<meta property=\"og:url\" content=\"https:\/\/mo5.com\/fr\/galerie-videos\/\" \/>\n<meta property=\"og:site_name\" content=\"MO5.COM\" \/>\n<meta property=\"article:publisher\" content=\"https:\/\/www.facebook.com\/pages\/Association-MO5COM\/9540357570\" \/>\n<meta property=\"article:modified_time\" content=\"2024-08-06T17:11:55+00:00\" \/>\n<meta property=\"og:image\" content=\"https:\/\/mo5.com\/wp-content\/uploads\/2017\/07\/Logo-MO5.COM_-e1501416832888.png\" \/>\n\t<meta property=\"og:image:width\" content=\"549\" \/>\n\t<meta property=\"og:image:height\" content=\"100\" \/>\n\t<meta property=\"og:image:type\" content=\"image\/png\" \/>\n<meta name=\"twitter:card\" content=\"summary_large_image\" \/>\n<meta name=\"twitter:site\" content=\"@assomo5\" \/>\n<meta name=\"twitter:label1\" content=\"Dur\u00e9e de lecture estim\u00e9e\" \/>\n\t<meta name=\"twitter:data1\" content=\"2 minutes\" \/>\n<script type=\"application\/ld+json\" class=\"yoast-schema-graph\">{\"@context\":\"https:\\\/\\\/schema.org\",\"@graph\":[{\"@type\":\"WebPage\",\"@id\":\"https:\\\/\\\/mo5.com\\\/galerie-videos\\\/\",\"url\":\"https:\\\/\\\/mo5.com\\\/galerie-videos\\\/\",\"name\":\"Galerie vid\u00e9os - MO5.COM\",\"isPartOf\":{\"@id\":\"https:\\\/\\\/mo5.com\\\/#website\"},\"datePublished\":\"2019-02-07T12:51:11+00:00\",\"dateModified\":\"2024-08-06T17:11:55+00:00\",\"breadcrumb\":{\"@id\":\"https:\\\/\\\/mo5.com\\\/galerie-videos\\\/#breadcrumb\"},\"inLanguage\":\"fr-FR\",\"potentialAction\":[{\"@type\":\"ReadAction\",\"target\":[\"https:\\\/\\\/mo5.com\\\/galerie-videos\\\/\"]}]},{\"@type\":\"BreadcrumbList\",\"@id\":\"https:\\\/\\\/mo5.com\\\/galerie-videos\\\/#breadcrumb\",\"itemListElement\":[{\"@type\":\"ListItem\",\"position\":1,\"name\":\"Accueil\",\"item\":\"https:\\\/\\\/mo5.com\\\/\"},{\"@type\":\"ListItem\",\"position\":2,\"name\":\"Galerie vid\u00e9os\"}]},{\"@type\":\"WebSite\",\"@id\":\"https:\\\/\\\/mo5.com\\\/#website\",\"url\":\"https:\\\/\\\/mo5.com\\\/\",\"name\":\"MO5.COM\",\"description\":\"Pr\u00e9server, explorer, rejouer\",\"publisher\":{\"@id\":\"https:\\\/\\\/mo5.com\\\/#organization\"},\"potentialAction\":[{\"@type\":\"SearchAction\",\"target\":{\"@type\":\"EntryPoint\",\"urlTemplate\":\"https:\\\/\\\/mo5.com\\\/?s={search_term_string}\"},\"query-input\":{\"@type\":\"PropertyValueSpecification\",\"valueRequired\":true,\"valueName\":\"search_term_string\"}}],\"inLanguage\":\"fr-FR\"},{\"@type\":\"Organization\",\"@id\":\"https:\\\/\\\/mo5.com\\\/#organization\",\"name\":\"Association MO5.COM\",\"url\":\"https:\\\/\\\/mo5.com\\\/\",\"logo\":{\"@type\":\"ImageObject\",\"inLanguage\":\"fr-FR\",\"@id\":\"https:\\\/\\\/mo5.com\\\/#\\\/schema\\\/logo\\\/image\\\/\",\"url\":\"https:\\\/\\\/mo5.com\\\/wp-content\\\/uploads\\\/2023\\\/10\\\/Logo_MO5_A_Colo_Texte_Bleu-e1697059504554.png\",\"contentUrl\":\"https:\\\/\\\/mo5.com\\\/wp-content\\\/uploads\\\/2023\\\/10\\\/Logo_MO5_A_Colo_Texte_Bleu-e1697059504554.png\",\"width\":2094,\"height\":559,\"caption\":\"Association MO5.COM\"},\"image\":{\"@id\":\"https:\\\/\\\/mo5.com\\\/#\\\/schema\\\/logo\\\/image\\\/\"},\"sameAs\":[\"https:\\\/\\\/www.facebook.com\\\/pages\\\/Association-MO5COM\\\/9540357570\",\"https:\\\/\\\/x.com\\\/assomo5\",\"http:\\\/\\\/www.instagram.com\\\/assomo5\",\"https:\\\/\\\/www.youtube.com\\\/channel\\\/UCRncMsBo89C9u_8gpWnsOVw\\\/featured\",\"https:\\\/\\\/bsky.app\\\/profile\\\/assomo5.bsky.social\",\"https:\\\/\\\/twitch.tv\\\/mo5assoretro\"]}]}<\/script>\n<!-- \/ Yoast SEO plugin. -->","yoast_head_json":{"title":"Galerie vid\u00e9os - MO5.COM","robots":{"index":"index","follow":"follow","max-snippet":"max-snippet:-1","max-image-preview":"max-image-preview:large","max-video-preview":"max-video-preview:-1"},"canonical":"https:\/\/mo5.com\/fr\/galerie-videos\/","og_locale":"fr_FR","og_type":"article","og_title":"Galerie vid\u00e9os - MO5.COM","og_description":"Reportage de Vice Motherboard sur l'association (2017) : https:\/\/www.facebook.com\/watch\/?v=1532142303542931 Reportage du site Gameblog sur la Paris Games Week 2014 : http:\/\/www.gameblog.fr\/news\/46718-decouvrez-la-paris-games-week-junior-et-mo5-en-video Interview de David Soumet, vice-pr\u00e9sident de l'association : https:\/\/www.youtube.com\/watch?v=sSg1i6532Ww Lumni : #Retrogaming : des jeux vintage qui valent de l'or : https:\/\/www.lumni.fr\/video\/retrogaming-des-jeux-vintage-qui-valent-de-lor#","og_url":"https:\/\/mo5.com\/fr\/galerie-videos\/","og_site_name":"MO5.COM","article_publisher":"https:\/\/www.facebook.com\/pages\/Association-MO5COM\/9540357570","article_modified_time":"2024-08-06T17:11:55+00:00","og_image":[{"width":549,"height":100,"url":"https:\/\/mo5.com\/wp-content\/uploads\/2017\/07\/Logo-MO5.COM_-e1501416832888.png","type":"image\/png"}],"twitter_card":"summary_large_image","twitter_site":"@assomo5","twitter_misc":{"Dur\u00e9e de lecture estim\u00e9e":"2 minutes"},"schema":{"@context":"https:\/\/schema.org","@graph":[{"@type":"WebPage","@id":"https:\/\/mo5.com\/galerie-videos\/","url":"https:\/\/mo5.com\/galerie-videos\/","name":"Galerie vid\u00e9os - MO5.COM","isPartOf":{"@id":"https:\/\/mo5.com\/#website"},"datePublished":"2019-02-07T12:51:11+00:00","dateModified":"2024-08-06T17:11:55+00:00","breadcrumb":{"@id":"https:\/\/mo5.com\/galerie-videos\/#breadcrumb"},"inLanguage":"fr-FR","potentialAction":[{"@type":"ReadAction","target":["https:\/\/mo5.com\/galerie-videos\/"]}]},{"@type":"BreadcrumbList","@id":"https:\/\/mo5.com\/galerie-videos\/#breadcrumb","itemListElement":[{"@type":"ListItem","position":1,"name":"Accueil","item":"https:\/\/mo5.com\/"},{"@type":"ListItem","position":2,"name":"Galerie vid\u00e9os"}]},{"@type":"WebSite","@id":"https:\/\/mo5.com\/#website","url":"https:\/\/mo5.com\/","name":"MO5.COM","description":"Pr\u00e9server, explorer, rejouer","publisher":{"@id":"https:\/\/mo5.com\/#organization"},"potentialAction":[{"@type":"SearchAction","target":{"@type":"EntryPoint","urlTemplate":"https:\/\/mo5.com\/?s={search_term_string}"},"query-input":{"@type":"PropertyValueSpecification","valueRequired":true,"valueName":"search_term_string"}}],"inLanguage":"fr-FR"},{"@type":"Organization","@id":"https:\/\/mo5.com\/#organization","name":"Association MO5.COM","url":"https:\/\/mo5.com\/","logo":{"@type":"ImageObject","inLanguage":"fr-FR","@id":"https:\/\/mo5.com\/#\/schema\/logo\/image\/","url":"https:\/\/mo5.com\/wp-content\/uploads\/2023\/10\/Logo_MO5_A_Colo_Texte_Bleu-e1697059504554.png","contentUrl":"https:\/\/mo5.com\/wp-content\/uploads\/2023\/10\/Logo_MO5_A_Colo_Texte_Bleu-e1697059504554.png","width":2094,"height":559,"caption":"Association MO5.COM"},"image":{"@id":"https:\/\/mo5.com\/#\/schema\/logo\/image\/"},"sameAs":["https:\/\/www.facebook.com\/pages\/Association-MO5COM\/9540357570","https:\/\/x.com\/assomo5","http:\/\/www.instagram.com\/assomo5","https:\/\/www.youtube.com\/channel\/UCRncMsBo89C9u_8gpWnsOVw\/featured","https:\/\/bsky.app\/profile\/assomo5.bsky.social","https:\/\/twitch.tv\/mo5assoretro"]}]}},"campaignId":"","_links":{"self":[{"href":"https:\/\/mo5.com\/fr\/wp-json\/wp\/v2\/pages\/16855","targetHints":{"allow":["GET"]}}],"collection":[{"href":"https:\/\/mo5.com\/fr\/wp-json\/wp\/v2\/pages"}],"about":[{"href":"https:\/\/mo5.com\/fr\/wp-json\/wp\/v2\/types\/page"}],"author":[{"embeddable":true,"href":"https:\/\/mo5.com\/fr\/wp-json\/wp\/v2\/users\/321"}],"replies":[{"embeddable":true,"href":"https:\/\/mo5.com\/fr\/wp-json\/wp\/v2\/comments?post=16855"}],"version-history":[{"count":0,"href":"https:\/\/mo5.com\/fr\/wp-json\/wp\/v2\/pages\/16855\/revisions"}],"wp:attachment":[{"href":"https:\/\/mo5.com\/fr\/wp-json\/wp\/v2\/media?parent=16855"}],"curies":[{"name":"wp","href":"https:\/\/api.w.org\/{rel}","templated":true}]}}